{"id":105,"date":"2016-02-29T22:50:14","date_gmt":"2016-02-29T21:50:14","guid":{"rendered":"http:\/\/www.lagottoromagnolo.org\/?page_id=105"},"modified":"2016-02-29T23:07:00","modified_gmt":"2016-02-29T22:07:00","slug":"epilessia-giovanile-del-lagotto-romagnolo-je","status":"publish","type":"page","link":"http:\/\/www.lagottoromagnolo.org\/?page_id=105","title":{"rendered":"Epilessia Giovanile del Lagotto Romagnolo (JE)"},"content":{"rendered":"<p><strong>Epilessia Giovanile Benigna del Lagotto Romagnolo (BFJE o semplicemente JE)<\/strong><\/p>\n<p>L\u2019epilessia benigna giovanile \u00e8 una malattia ereditaria neurologica del lagotto romagnolo che si manifesta nei cuccioli affetti a partire dalle 5\u00b0-9\u00b0 settimane di et\u00e0 e regredisce spontaneamente intorno alla 8\u00b0-13\u00b0 settimana. I cani affetti mostrano sintomi neurologici con atassia generalizzata e ipermetria. Dagli esami di laboratorio (elettromiografia, risonanza magnetica) non si rilevano anormalit\u00e0. Recentemente \u00e8 stato scoperto il gene che causa questa malattia attraverso un test genetico \u00e8 possibile distinguere i cani sani (JE FREE o NORMAL), dai portatori (CARRIER) e dagli affetti (AFFECTED).<\/p>\n<p><strong>NORMAL<\/strong> sono soggetti con 2 coppie normali di gene e <strong>non hanno alcun sintomo<\/strong><\/p>\n<p><strong>CARRIER<\/strong> sono soggetti con 1 gene normale e uno mutato ma<strong> non sviluppano la malattia<\/strong><\/p>\n<p><strong>AFFECTED<\/strong> sono soggetti con 2 geni mutati e presentano <strong>sintomi della malattia<\/strong><\/p>\n<p>\u00c8 raccomandato eseguire tali test, attraverso un semplice prelievo di sangue in EDTA, prima di pianificare accoppiamenti per evitare la nascita di soggetti affetti.<\/p>\n<p>Possibilit\u00e0 dei cuccioli nati da diverse combinazioni:<\/p>\n<table border=\"1\" cellspacing=\"0\" cellpadding=\"0\">\n<tbody>\n<tr>\n<td valign=\"top\" width=\"163\"><\/td>\n<td valign=\"top\" width=\"163\">NORMAL<\/td>\n<td valign=\"top\" width=\"163\">CARRIER<\/td>\n<td valign=\"top\" width=\"163\">AFFETTI<\/td>\n<\/tr>\n<tr>\n<td valign=\"top\" width=\"163\">NORMAL<\/td>\n<td valign=\"top\" width=\"163\">100% NORMAL<\/td>\n<td valign=\"top\" width=\"163\">50% NORMAL<br \/>\n50% CARRIER<\/td>\n<td valign=\"top\" width=\"163\">100% CARRIER<\/td>\n<\/tr>\n<tr>\n<td valign=\"top\" width=\"163\">CARRIER<\/td>\n<td valign=\"top\" width=\"163\">50% NORMAL<br \/>\n50% CARRIER<\/td>\n<td valign=\"top\" width=\"163\">25% NORMAL<br \/>\n50% CARRIER<br \/>\n25% AFFETTI<span style=\"line-height: 1.4em;\">\u00a0<\/span><\/td>\n<td valign=\"top\" width=\"163\">50% CARRIER<br \/>\n50% AFFETTI<\/td>\n<\/tr>\n<tr>\n<td valign=\"top\" width=\"163\">AFFETTI<\/td>\n<td valign=\"top\" width=\"163\">100% CARRIER<\/td>\n<td valign=\"top\" width=\"163\">50% CARRIER<br \/>\n50% AFFETTI<span style=\"line-height: 1.4em;\">\u00a0<\/span><\/td>\n<td valign=\"top\" width=\"163\">100% AFFETTI<\/td>\n<\/tr>\n<\/tbody>\n<\/table>\n<p>&#8220;Come fare il test&#8230;&#8221; clicca <strong><a href=\"http:\/\/www.lagottoromagnolo.org\/?page_id=113\">QUI<\/a><\/strong><\/p>\n","protected":false},"excerpt":{"rendered":"<p>Epilessia Giovanile Benigna del Lagotto Romagnolo (BFJE o semplicemente JE) L\u2019epilessia benigna giovanile \u00e8 una malattia ereditaria neurologica del lagotto romagnolo che si manifesta nei cuccioli affetti a partire dalle 5\u00b0-9\u00b0 settimane di et\u00e0 e regredisce spontaneamente intorno alla 8\u00b0-13\u00b0 <span class=\"excerpt-dots\">&hellip;<\/span> <a class=\"more-link\" href=\"http:\/\/www.lagottoromagnolo.org\/?page_id=105\"><span class=\"more-msg\">Continua a leggere &rarr;<\/span><\/a><\/p>\n","protected":false},"author":1,"featured_media":0,"parent":103,"menu_order":0,"comment_status":"closed","ping_status":"closed","template":"","meta":{"ngg_post_thumbnail":0,"footnotes":""},"class_list":["post-105","page","type-page","status-publish","hentry"],"_links":{"self":[{"href":"http:\/\/www.lagottoromagnolo.org\/index.php?rest_route=\/wp\/v2\/pages\/105","targetHints":{"allow":["GET"]}}],"collection":[{"href":"http:\/\/www.lagottoromagnolo.org\/index.php?rest_route=\/wp\/v2\/pages"}],"about":[{"href":"http:\/\/www.lagottoromagnolo.org\/index.php?rest_route=\/wp\/v2\/types\/page"}],"author":[{"embeddable":true,"href":"http:\/\/www.lagottoromagnolo.org\/index.php?rest_route=\/wp\/v2\/users\/1"}],"replies":[{"embeddable":true,"href":"http:\/\/www.lagottoromagnolo.org\/index.php?rest_route=%2Fwp%2Fv2%2Fcomments&post=105"}],"version-history":[{"count":3,"href":"http:\/\/www.lagottoromagnolo.org\/index.php?rest_route=\/wp\/v2\/pages\/105\/revisions"}],"predecessor-version":[{"id":116,"href":"http:\/\/www.lagottoromagnolo.org\/index.php?rest_route=\/wp\/v2\/pages\/105\/revisions\/116"}],"up":[{"embeddable":true,"href":"http:\/\/www.lagottoromagnolo.org\/index.php?rest_route=\/wp\/v2\/pages\/103"}],"wp:attachment":[{"href":"http:\/\/www.lagottoromagnolo.org\/index.php?rest_route=%2Fwp%2Fv2%2Fmedia&parent=105"}],"curies":[{"name":"wp","href":"https:\/\/api.w.org\/{rel}","templated":true}]}}