{"id":12986,"date":"2020-06-12T15:04:32","date_gmt":"2020-06-12T13:04:32","guid":{"rendered":"http:\/\/www.lagottoromagnolo.org\/?page_id=12986"},"modified":"2026-03-16T08:08:44","modified_gmt":"2026-03-16T07:08:44","slug":"cucciolate","status":"publish","type":"page","link":"http:\/\/www.lagottoromagnolo.org\/?page_id=12986","title":{"rendered":"Cucciolate"},"content":{"rendered":"<p style=\"text-align: left;\"><a href=\"http:\/\/www.lagottoromagnolo.org\/?page_id=2046\">&gt;Indietro<\/a><\/p>\n<hr>\n<p style=\"text-align: center;\">Su questa pagina posso essere pubblicati cuccioli disponibili prodotti da soci del Club Italiano Lagotto.<\/p>\n<h3><span style=\"font-size: 14pt; color: #ff0000;\">I dati pubblicati sono forniti dai Soci che ne chiedono la divulgazione. Il Club italiano Lagotto non pu\u00f2 controllare quanto dichiarato e il rispetto degli impegni assunti dai singoli per cui non pu\u00f2 essere ritenuto responsabile o garante di quanto presente su questa pagina. La veridicit\u00e0 dei dati e la correttezza dei comportamenti \u00e8 di competenza esclusiva del Socio richiedente.<\/span><\/h3>\n<p><span style=\"font-size: 14pt;\"><strong><span style=\"text-decoration: underline;\">Regole per la pubblicazione<\/span>:<\/strong><\/span><\/p>\n<p>Possono essere pubblicate solo le cucciolate prodotte da soci C.I.L. (per l&#8217;anno in corso), con o senza affisso di allevamento.<br \/>\nOgni annuncio rimane visibile 3 mesi dalla data di pubblicazione e successivamente viene cancellato.<br \/>\nGli allevatori devono comunicare&nbsp; un numero di telefono e\/o un indirizzo email per poter essere contattati dalle persone interessate, fornire l&#8217;indirizzo esatto \u00e8 facoltativo, ma deve essere indicata almeno la provincia di residenza.<br \/>\nNon vengono pubblicati i prezzi dei cuccioli, le trattative si svolgono in privato tra l&#8217;allevatore e le persone interessate, il Club non interviene e non trasmette messaggi.<br \/>\nI cuccioli devono essere iscritti all&#8217;anagrafe canina e devono essere ceduti con pedigree.<br \/>\nPossono essere pubblicate una foto della cucciolata e le foto dei genitori.<\/p>\n<p>La richiesta con i dati richiesti e le foto che vorrete pubblicare devono essere mandate all&#8217;indirizzo email del club.<\/p>\n<ol>\n<li style=\"list-style-type: none;\">\n<ol>\n<li>Nome allevatore<\/li>\n<li>Numero tessera C.I.L. per l&#8217;anno in corso<\/li>\n<li>Indirizzo (facoltativo)<\/li>\n<li>CAP (facoltativo)<\/li>\n<li>Citt\u00e0 (facoltativo)<\/li>\n<li>Provincia<\/li>\n<li>Telefono<\/li>\n<li>Email<\/li>\n<li>Affisso ENCI (facoltativo)<\/li>\n<li>Data di nascita della cucciolata<\/li>\n<li>Nome pedigree del padre<\/li>\n<li>Numero pedigree del padre<\/li>\n<li>Eventuali titoli e risultati di salute del padre (facoltativo)<\/li>\n<li>Nome pedigree della madre<\/li>\n<li>Numero pedigree della madre<\/li>\n<li>Eventuali titoli e risultati di salute della madre (facoltativo)<\/li>\n<li>Cuccioli disponibili nr totale<\/li>\n<li>Cuccioli maschi disponibili<\/li>\n<li>Cuccioli femmine disponibili<\/li>\n<li>Informazioni in pi\u00f9 (facoltativo)<\/li>\n<li>ACCETTO le Regole per la pubblicazione (SI o NO)<\/li>\n<\/ol>\n<\/li>\n<\/ol>\n<hr>\n<table width=\"800\">\n<tbody>\n<tr>\n<td><strong><strong>Allevatore: &#8230;<br \/>\ncontatto: &#8230;<br \/>\n<\/strong><\/strong><\/td>\n<td><strong>CUCCIOLI DISPONIBILI: &#8230;<br \/>\nmaschi: &#8230; &#8211; femmine: &#8230;<\/strong><br \/>\n<strong>nati il &#8230; -&gt; disponibili dal &#8230;<br \/>\ndata di pubblicazione annuncio: &#8230;<\/strong><\/td>\n<\/tr>\n<tr>\n<td><strong>padre: &#8230;<br \/>\n<\/strong>LO&#8230;<br \/>\nHD &#8230;, JE&#8230;, LSD&#8230;,&nbsp;<\/td>\n<td><strong>madre: &#8230;<br \/>\n<\/strong>LO&#8230;<br \/>\nHD &#8230;, JE&#8230;, LSD&#8230;,&nbsp;<strong><br \/>\n<\/strong><\/td>\n<\/tr>\n<tr>\n<td>ngg_shortcode_0_placeholder<\/td>\n<td>ngg_shortcode_1_placeholder<\/td>\n<\/tr>\n<\/tbody>\n<\/table>\n<p style=\"text-align: left;\"><span style=\"color: #ff0000;\"><strong>I cuccioli disponibili:<\/strong><\/span><\/p>\n","protected":false},"excerpt":{"rendered":"<p>&gt;Indietro Su questa pagina posso essere pubblicati cuccioli disponibili prodotti da soci del Club Italiano Lagotto. I dati pubblicati sono forniti dai Soci che ne chiedono la divulgazione. Il Club italiano Lagotto non pu\u00f2 controllare quanto dichiarato e il rispetto <span class=\"excerpt-dots\">&hellip;<\/span> <a class=\"more-link\" href=\"http:\/\/www.lagottoromagnolo.org\/?page_id=12986\"><span class=\"more-msg\">Continua a leggere &rarr;<\/span><\/a><\/p>\n","protected":false},"author":2,"featured_media":0,"parent":2046,"menu_order":2,"comment_status":"closed","ping_status":"closed","template":"","meta":{"ngg_post_thumbnail":0,"footnotes":""},"class_list":["post-12986","page","type-page","status-publish","hentry"],"_links":{"self":[{"href":"http:\/\/www.lagottoromagnolo.org\/index.php?rest_route=\/wp\/v2\/pages\/12986","targetHints":{"allow":["GET"]}}],"collection":[{"href":"http:\/\/www.lagottoromagnolo.org\/index.php?rest_route=\/wp\/v2\/pages"}],"about":[{"href":"http:\/\/www.lagottoromagnolo.org\/index.php?rest_route=\/wp\/v2\/types\/page"}],"author":[{"embeddable":true,"href":"http:\/\/www.lagottoromagnolo.org\/index.php?rest_route=\/wp\/v2\/users\/2"}],"replies":[{"embeddable":true,"href":"http:\/\/www.lagottoromagnolo.org\/index.php?rest_route=%2Fwp%2Fv2%2Fcomments&post=12986"}],"version-history":[{"count":156,"href":"http:\/\/www.lagottoromagnolo.org\/index.php?rest_route=\/wp\/v2\/pages\/12986\/revisions"}],"predecessor-version":[{"id":21923,"href":"http:\/\/www.lagottoromagnolo.org\/index.php?rest_route=\/wp\/v2\/pages\/12986\/revisions\/21923"}],"up":[{"embeddable":true,"href":"http:\/\/www.lagottoromagnolo.org\/index.php?rest_route=\/wp\/v2\/pages\/2046"}],"wp:attachment":[{"href":"http:\/\/www.lagottoromagnolo.org\/index.php?rest_route=%2Fwp%2Fv2%2Fmedia&parent=12986"}],"curies":[{"name":"wp","href":"https:\/\/api.w.org\/{rel}","templated":true}]}}