{"id":14829,"date":"2022-02-08T07:18:07","date_gmt":"2022-02-08T06:18:07","guid":{"rendered":"http:\/\/www.lagottoromagnolo.org\/?page_id=14829"},"modified":"2026-01-02T18:11:02","modified_gmt":"2026-01-02T17:11:02","slug":"rinnovo-renew","status":"publish","type":"page","link":"http:\/\/www.lagottoromagnolo.org\/?page_id=14829","title":{"rendered":"Modulo"},"content":{"rendered":"<p><a href=\"http:\/\/www.lagottoromagnolo.org\/?page_id=23\">&gt; Indietro<\/a><\/p>\n<h1 style=\"text-align: center;\"><span style=\"color: #ff0000;\">&gt;&gt;&gt; <a href=\"https:\/\/italianionline.it\/modulo-di-iscrizione-rinnovo-cil-italiano\" target=\"_blank\" rel=\"noopener\">MODULO<\/a> &lt;&lt;&lt;<\/span><\/h1>\n<h2 style=\"text-align: center;\">Per diventare socio C.I.L. e per chiedere il rinnovo della tessera C.I.L. \u00e8 <strong><span style=\"color: #ff0000;\">OBBLIGATORIO COMPILARE IL MODULO<\/span> seguente.<br \/>\n<\/strong><span style=\"color: #ff00ff;\">Non \u00e8 possibile rinnovare la tessera solo mandando il bonifico!<\/span><\/h2>\n<h5>In questo modo sar\u00e0 possibile controllare ed <span style=\"color: #ff0000;\">aggiornare i dati<\/span> dei soci, la <span style=\"color: #ff0000;\">tessera E.N.C.I. cartacea non esiste pi\u00f9<\/span>, i Soci al momento dell\u2019adesione al Club (sia per nuova adesione che per rinnovo) <span style=\"color: #ff0000;\">riceveranno via e-mail o sms un link<\/span> con il quale sar\u00e0 <span style=\"color: #ff0000;\">possibile scaricare le tessera in formato elettronico (pdf).<\/span><\/h5>\n<h2 style=\"text-align: center;\">Info per pagamento =&gt; <a href=\"http:\/\/www.lagottoromagnolo.org\/?page_id=14831\" target=\"_blank\" rel=\"noopener\">QUI<\/a><\/h2>\n","protected":false},"excerpt":{"rendered":"<p>&gt; Indietro &gt;&gt;&gt; MODULO &lt;&lt;&lt; Per diventare socio C.I.L. e per chiedere il rinnovo della tessera C.I.L. \u00e8 OBBLIGATORIO COMPILARE IL MODULO seguente. Non \u00e8 possibile rinnovare la tessera solo mandando il bonifico! In questo modo sar\u00e0 possibile controllare ed <span class=\"excerpt-dots\">&hellip;<\/span> <a class=\"more-link\" href=\"http:\/\/www.lagottoromagnolo.org\/?page_id=14829\"><span class=\"more-msg\">Continua a leggere &rarr;<\/span><\/a><\/p>\n","protected":false},"author":2,"featured_media":0,"parent":23,"menu_order":0,"comment_status":"closed","ping_status":"closed","template":"","meta":{"ngg_post_thumbnail":0,"footnotes":""},"class_list":["post-14829","page","type-page","status-publish","hentry"],"_links":{"self":[{"href":"http:\/\/www.lagottoromagnolo.org\/index.php?rest_route=\/wp\/v2\/pages\/14829","targetHints":{"allow":["GET"]}}],"collection":[{"href":"http:\/\/www.lagottoromagnolo.org\/index.php?rest_route=\/wp\/v2\/pages"}],"about":[{"href":"http:\/\/www.lagottoromagnolo.org\/index.php?rest_route=\/wp\/v2\/types\/page"}],"author":[{"embeddable":true,"href":"http:\/\/www.lagottoromagnolo.org\/index.php?rest_route=\/wp\/v2\/users\/2"}],"replies":[{"embeddable":true,"href":"http:\/\/www.lagottoromagnolo.org\/index.php?rest_route=%2Fwp%2Fv2%2Fcomments&post=14829"}],"version-history":[{"count":26,"href":"http:\/\/www.lagottoromagnolo.org\/index.php?rest_route=\/wp\/v2\/pages\/14829\/revisions"}],"predecessor-version":[{"id":21656,"href":"http:\/\/www.lagottoromagnolo.org\/index.php?rest_route=\/wp\/v2\/pages\/14829\/revisions\/21656"}],"up":[{"embeddable":true,"href":"http:\/\/www.lagottoromagnolo.org\/index.php?rest_route=\/wp\/v2\/pages\/23"}],"wp:attachment":[{"href":"http:\/\/www.lagottoromagnolo.org\/index.php?rest_route=%2Fwp%2Fv2%2Fmedia&parent=14829"}],"curies":[{"name":"wp","href":"https:\/\/api.w.org\/{rel}","templated":true}]}}