{"id":4439,"date":"2016-09-05T09:38:47","date_gmt":"2016-09-05T07:38:47","guid":{"rendered":"http:\/\/www.lagottoromagnolo.org\/?page_id=4439"},"modified":"2022-08-08T19:41:21","modified_gmt":"2022-08-08T17:41:21","slug":"news","status":"publish","type":"page","link":"http:\/\/www.lagottoromagnolo.org\/?page_id=4439","title":{"rendered":"NEWS"},"content":{"rendered":"<p style=\"text-align: right;\"><strong><a href=\"http:\/\/www.lagottoromagnolo.org\/?page_id=74\">&gt; Archivio articoli<\/a>&nbsp; &nbsp; &nbsp; &nbsp;<a href=\"http:\/\/www.lagottoromagnolo.org\/?page_id=15387\">&gt; Archivio riviste CIL<\/a><\/strong><\/p>\n<p>15\/11\/2018<br \/>\n<strong>Novit\u00e0 ENCI<\/strong><\/p>\n<p>A partire dal 1 gennaio 2019, all\u2019atto della registrazione del Modello A (denuncia di monta e nascita) \u00e8 necessario aver provveduto al deposito del campione di materiale biologico presso un Laboratorio riconosciuto dall\u2019ENCI per tutti i cani accoppiati con i soggetti di cui ai punti sottoelencati:<\/p>\n<ol>\n<li>riproduttori ammessi alla riproduzione selezionata;<\/li>\n<li>stalloni che hanno prodotto pi\u00f9 di 5 cucciolate;<\/li>\n<li>stalloni usati in inseminazione artificiale;<\/li>\n<li>stalloni esteri in Italia in stazione di monta;<\/li>\n<li>campioni nazionali, internazionali ed esteri di bellezza e\/o di lavoro<\/li>\n<\/ol>\n<p>Testo intero sul sito ENCI,&nbsp;<a href=\"http:\/\/www.enci.it\/enci\/news\/integrazione-articolo-8-norme-tecniche-del-libro-genealogico-del-cane-di-razza\" target=\"_blank\" rel=\"noopener noreferrer\"><strong>qui<\/strong><\/a><\/p>\n<hr>\n<p>10\/2018<br \/>\n<strong>Campioni italiani Lagotto Romagnolo 1992-2018<\/strong><\/p>\n<p>Quest&#8217;anno si festeggia il trentennale del Club Italiano Lagotto.<\/p>\n<p>Entro la fine del 2018 (o all&#8217;inizio del 2019) speriamo di presentare il primo libro di campioni italiani della razza Lagotto Romagnolo. Per completare questo compito abbiamo bisogno del vostro contributo per completare le informazioni dal database ENCI.<\/p>\n<p><strong>Come potete aiutare:<\/strong><\/p>\n<p><em>Di cosa abbiamo bisogno per campioni italiani adulti e campioni di lavoro (dopo il 2014)?<\/em><\/p>\n<ul>\n<li>Copia della diploma del campionato.<\/li>\n<li>Copia del pedigree.<\/li>\n<li>Nome del proprietario nella data in quale il cane ha concluso il campionato.<\/li>\n<li>Fotografie, preferibilmente dove il cane sta in piedi ed \u00e9 fotografato da un lato. Serve anche il permesso scritto di poter usare l&#8217;immagine per il libro. Risoluzione preferibile 300 dpi e dimensione file preferibile 1 MB.<\/li>\n<\/ul>\n<p><em><br \/>\nDi cosa abbiamo bisogno per i campioni veterani e per \u201cGiovane Promessa ENCI\u201d?<\/em><\/p>\n<ul>\n<li>Copia della diploma del campionato.<\/li>\n<li>Copia del pedigree.<\/li>\n<li>Nome del proprietario nella data in quale il cane ha concluso il campionato.<\/li>\n<\/ul>\n<p><em><br \/>\nDi cosa abbiamo bisogno per Campione Sociale e Campione Sociale Giovani?<\/em><\/p>\n<ul>\n<li>Copia della diploma del campionato, informazioni sull&#8217;evento (luogo, data, giudice).<\/li>\n<li>Copia del pedigree.<\/li>\n<li>Nome del proprietario nella data in quale il cane ha ottenuto il titolo.<\/li>\n<\/ul>\n<p><em><u>Autorizzazione<br \/>\n<\/u><\/em>Si prega di scrivere nel vostro e-mail che si autorizza ad utilizzare tutte le informazioni allegate alla mail e di fornire il permesso d&#8217;utilizzo delle fotografie, o il permesso ottenuto dalla persona chi ha fatto le fotografie (se contengono copyright).<\/p>\n<p><strong><em>Si prega di inviare le vostre informazioni il prima possibile a:<\/em><\/strong><\/p>\n<h4 style=\"text-align: center;\"><a href=\"mailto:lagottochampion@gmail.com\"><strong>lagottochampion@gmail.com<\/strong><\/a><\/h4>\n<p><strong>Domande frequenti:<\/strong><\/p>\n<p><em>Immagini<\/em><\/p>\n<ul>\n<li>&#8211; Nel caso in cui avete una foto molto vecchia da un campione, o nel caso in cui la vostra foto non ha le dimensioni richieste in precedenza: si prega di inviare la foto comunque.<\/li>\n<li>&#8211; Nel caso in cui avete solo una foto stampata, vi preghiamo di contattarci e ci mettiamo d&#8217;accordo come possiamo trasferire l&#8217;immagine stampata su un file digitale.<\/li>\n<li>&#8211; Se avete vecchie foto di Lagotto che volete vedere conservate dal club, per favore inviate anche quelle.<\/li>\n<\/ul>\n<p><em>Benefici<\/em><\/p>\n<p>Tutti i profitti dalla vendita del libro andranno direttamente al Club Italiano Lagotto per il finanziamento delle spese rispetto a quanto fatto per conservare la storia della razza.<\/p>\n<p><em>Come sar\u00e0 il libro<\/em><\/p>\n<p>Per ogni campione adulto (bellezza e lavoro) useremo una pagina intera che conterr\u00e0 tutte le informazioni di base sul cane, cos\u00ec come conterr\u00e0 un&#8217;immagine ed il pedigree del cane. I cani saranno ordinati per l&#8217;anno.<\/p>\n<p>I campioni giovani e veterani ed i campioni sociali saranno elencati alla fine di ogni anno.<\/p>\n<p>Come introduzione ci sar\u00e0 una storia dello sviluppo della razza e dello standard di lavoro e di come si sono sviluppati nel corso degli anni.<\/p>\n<hr>\n<p>30\/12\/2017<br \/>\n<strong>Incontro a Fano<\/strong><\/p>\n<p>Il Club Italiano Lagotto organizza un incontro di approfondimento sulle Prove di Cerca del Tartufo&nbsp;presso la sala riunioni dell\u2019aeroporto di Fano, adiacente all\u2019uscita di Fano dell\u2019autostrada A14.<br \/>\nIndicativamente la riunione proseguir\u00e0 fino alle ore 15.00,&nbsp;\u00e8 prevista solo una breve pausa caff\u00e8 al fine di terminare i lavori in orario tale da favorire il rientro di chi viene da lontano.<br \/>\nTale incontro \u00e8 aperto alla partecipazione di Giudici, conduttori e di tutte le persone interessate.<\/p>\n<hr>\n<p style=\"text-align: left;\">28\/04\/2017<br \/>\n<strong>Richiesta elenco soci<\/strong><\/p>\n<p style=\"text-align: left;\">Si informano tutti i soci del Club Italiano Lagotto che il socio Giovanni Pedrazzini ha richiesto al Club l&#8217;accesso ai dati degli associati. Non disponendo di specifiche liberatorie il Club non \u00e8 in condizione di rendere pubblici tali dati personali. I soci infatti hanno il diritto di poter esaminare ed eventualmente estrarre copie del LIBRO SOCI composto da un elenco contenente solo i nominativi degli associati.<br \/>\nSi invitano quindi tutti coloro che desiderano essere contattati da Giovanni Pedrazzini a fornirgli i dati necessari a questo scopo.<\/p>\n<hr>\n<p style=\"text-align: left;\">06\/04\/2017<br \/>\n<strong>L&#8217;aiuto del C.I.L. alle popolazioni terremotate<\/strong><\/p>\n<p style=\"text-align: left;\">ngg_shortcode_0_placeholder<\/p>\n<p style=\"text-align: left;\">Il Club Italiano Lagotto, con la cifra stanziata dal consiglio direttivo, consegna il materiale acquistato per gli aiuti umanitari alla popolazione del centro Italia colpita dal terremoto.<\/p>\n<p>The Club Italiano Lagotto, with the amount designated by his body board , delivers the material bought for the humanitarian aid to the population of center Italy who is suffering the earthquake.<\/p>\n<p style=\"text-align: left;\">Le Club Italiano Lagotto, avec le montant allou\u00e9 par le Conseil , a delivr\u00e9 le mat\u00e9riel achet\u00e9 pour l&#8217;aide humanitaire au peuple de l&#8217;Italie centrale touch\u00e9s par le tremblement de terre.<\/p>\n<p style=\"text-align: left;\"><!-- default-view.php -->\n<div\n\tclass=\"ngg-galleryoverview default-view\n\t\t\"\n\tid=\"ngg-gallery-c2415c974d84a3b84ef9b06f1d6ec153-1\"\n\tdata-gallery-id=\"127\">\n\n\t\t<!-- Thumbnails -->\n\t\t\t\t<div id=\"ngg-image-0\" class=\"ngg-gallery-thumbnail-box\n\t\t\t\t\t\t\t\tngg-6-columns\t\t\t\"\n\t\t\t>\n\t\t\t\t\t\t<div class=\"ngg-gallery-thumbnail\">\n\t\t\t<a href=\"http:\/\/www.lagottoromagnolo.org\/wp-content\/gallery\/norcia17\/norcia01.jpg\"\n\t\t\t\ttitle=\"\"\n\t\t\t\tdata-src=\"http:\/\/www.lagottoromagnolo.org\/wp-content\/gallery\/norcia17\/norcia01.jpg\"\n\t\t\t\tdata-thumbnail=\"http:\/\/www.lagottoromagnolo.org\/wp-content\/gallery\/norcia17\/thumbs\/thumbs_norcia01.jpg\"\n\t\t\t\tdata-image-id=\"1405\"\n\t\t\t\tdata-title=\"norcia01\"\n\t\t\t\tdata-description=\"\"\n\t\t\t\tdata-image-slug=\"norcia01\"\n\t\t\t\t\t\t\t\t\t\t\t\t\t\t\t\t\t\t\t\tclass=\"ngg-fancybox\" rel=\"c2415c974d84a3b84ef9b06f1d6ec153\">\n\t\t\t\t\t\t\t\t<img\n\t\t\t\t\ttitle=\"norcia01\"\n\t\t\t\t\talt=\"norcia01\"\n\t\t\t\t\tsrc=\"http:\/\/www.lagottoromagnolo.org\/wp-content\/gallery\/norcia17\/thumbs\/thumbs_norcia01.jpg\"\n\t\t\t\t\twidth=\"100\"\n\t\t\t\t\theight=\"75\"\n\t\t\t\t\tstyle=\"max-width:100%;\"\n\t\t\t\t\/>\n\t\t\t<\/a>\n\t\t<\/div>\n\t\t\t\t\t\t\t<\/div>\n\t\t\t\n\t\t\t\t<div id=\"ngg-image-1\" class=\"ngg-gallery-thumbnail-box\n\t\t\t\t\t\t\t\tngg-6-columns\t\t\t\"\n\t\t\t>\n\t\t\t\t\t\t<div class=\"ngg-gallery-thumbnail\">\n\t\t\t<a href=\"http:\/\/www.lagottoromagnolo.org\/wp-content\/gallery\/norcia17\/norcia02.jpg\"\n\t\t\t\ttitle=\"\"\n\t\t\t\tdata-src=\"http:\/\/www.lagottoromagnolo.org\/wp-content\/gallery\/norcia17\/norcia02.jpg\"\n\t\t\t\tdata-thumbnail=\"http:\/\/www.lagottoromagnolo.org\/wp-content\/gallery\/norcia17\/thumbs\/thumbs_norcia02.jpg\"\n\t\t\t\tdata-image-id=\"1406\"\n\t\t\t\tdata-title=\"norcia02\"\n\t\t\t\tdata-description=\"\"\n\t\t\t\tdata-image-slug=\"norcia02\"\n\t\t\t\t\t\t\t\t\t\t\t\t\t\t\t\t\t\t\t\tclass=\"ngg-fancybox\" rel=\"c2415c974d84a3b84ef9b06f1d6ec153\">\n\t\t\t\t\t\t\t\t<img\n\t\t\t\t\ttitle=\"norcia02\"\n\t\t\t\t\talt=\"norcia02\"\n\t\t\t\t\tsrc=\"http:\/\/www.lagottoromagnolo.org\/wp-content\/gallery\/norcia17\/thumbs\/thumbs_norcia02.jpg\"\n\t\t\t\t\twidth=\"100\"\n\t\t\t\t\theight=\"75\"\n\t\t\t\t\tstyle=\"max-width:100%;\"\n\t\t\t\t\/>\n\t\t\t<\/a>\n\t\t<\/div>\n\t\t\t\t\t\t\t<\/div>\n\t\t\t\n\t\t\t\t<div id=\"ngg-image-2\" class=\"ngg-gallery-thumbnail-box\n\t\t\t\t\t\t\t\tngg-6-columns\t\t\t\"\n\t\t\t>\n\t\t\t\t\t\t<div class=\"ngg-gallery-thumbnail\">\n\t\t\t<a href=\"http:\/\/www.lagottoromagnolo.org\/wp-content\/gallery\/norcia17\/norcia03.jpg\"\n\t\t\t\ttitle=\"\"\n\t\t\t\tdata-src=\"http:\/\/www.lagottoromagnolo.org\/wp-content\/gallery\/norcia17\/norcia03.jpg\"\n\t\t\t\tdata-thumbnail=\"http:\/\/www.lagottoromagnolo.org\/wp-content\/gallery\/norcia17\/thumbs\/thumbs_norcia03.jpg\"\n\t\t\t\tdata-image-id=\"1407\"\n\t\t\t\tdata-title=\"norcia03\"\n\t\t\t\tdata-description=\"\"\n\t\t\t\tdata-image-slug=\"norcia03\"\n\t\t\t\t\t\t\t\t\t\t\t\t\t\t\t\t\t\t\t\tclass=\"ngg-fancybox\" rel=\"c2415c974d84a3b84ef9b06f1d6ec153\">\n\t\t\t\t\t\t\t\t<img\n\t\t\t\t\ttitle=\"norcia03\"\n\t\t\t\t\talt=\"norcia03\"\n\t\t\t\t\tsrc=\"http:\/\/www.lagottoromagnolo.org\/wp-content\/gallery\/norcia17\/thumbs\/thumbs_norcia03.jpg\"\n\t\t\t\t\twidth=\"100\"\n\t\t\t\t\theight=\"75\"\n\t\t\t\t\tstyle=\"max-width:100%;\"\n\t\t\t\t\/>\n\t\t\t<\/a>\n\t\t<\/div>\n\t\t\t\t\t\t\t<\/div>\n\t\t\t\n\t\t\t\t<div id=\"ngg-image-3\" class=\"ngg-gallery-thumbnail-box\n\t\t\t\t\t\t\t\tngg-6-columns\t\t\t\"\n\t\t\t>\n\t\t\t\t\t\t<div class=\"ngg-gallery-thumbnail\">\n\t\t\t<a href=\"http:\/\/www.lagottoromagnolo.org\/wp-content\/gallery\/norcia17\/norcia04.jpg\"\n\t\t\t\ttitle=\"\"\n\t\t\t\tdata-src=\"http:\/\/www.lagottoromagnolo.org\/wp-content\/gallery\/norcia17\/norcia04.jpg\"\n\t\t\t\tdata-thumbnail=\"http:\/\/www.lagottoromagnolo.org\/wp-content\/gallery\/norcia17\/thumbs\/thumbs_norcia04.jpg\"\n\t\t\t\tdata-image-id=\"1408\"\n\t\t\t\tdata-title=\"norcia04\"\n\t\t\t\tdata-description=\"\"\n\t\t\t\tdata-image-slug=\"norcia04\"\n\t\t\t\t\t\t\t\t\t\t\t\t\t\t\t\t\t\t\t\tclass=\"ngg-fancybox\" rel=\"c2415c974d84a3b84ef9b06f1d6ec153\">\n\t\t\t\t\t\t\t\t<img\n\t\t\t\t\ttitle=\"norcia04\"\n\t\t\t\t\talt=\"norcia04\"\n\t\t\t\t\tsrc=\"http:\/\/www.lagottoromagnolo.org\/wp-content\/gallery\/norcia17\/thumbs\/thumbs_norcia04.jpg\"\n\t\t\t\t\twidth=\"100\"\n\t\t\t\t\theight=\"75\"\n\t\t\t\t\tstyle=\"max-width:100%;\"\n\t\t\t\t\/>\n\t\t\t<\/a>\n\t\t<\/div>\n\t\t\t\t\t\t\t<\/div>\n\t\t\t\n\t\t\t\t<div id=\"ngg-image-4\" class=\"ngg-gallery-thumbnail-box\n\t\t\t\t\t\t\t\tngg-6-columns\t\t\t\"\n\t\t\t>\n\t\t\t\t\t\t<div class=\"ngg-gallery-thumbnail\">\n\t\t\t<a href=\"http:\/\/www.lagottoromagnolo.org\/wp-content\/gallery\/norcia17\/norcia05.jpg\"\n\t\t\t\ttitle=\"\"\n\t\t\t\tdata-src=\"http:\/\/www.lagottoromagnolo.org\/wp-content\/gallery\/norcia17\/norcia05.jpg\"\n\t\t\t\tdata-thumbnail=\"http:\/\/www.lagottoromagnolo.org\/wp-content\/gallery\/norcia17\/thumbs\/thumbs_norcia05.jpg\"\n\t\t\t\tdata-image-id=\"1409\"\n\t\t\t\tdata-title=\"norcia05\"\n\t\t\t\tdata-description=\"\"\n\t\t\t\tdata-image-slug=\"norcia05\"\n\t\t\t\t\t\t\t\t\t\t\t\t\t\t\t\t\t\t\t\tclass=\"ngg-fancybox\" rel=\"c2415c974d84a3b84ef9b06f1d6ec153\">\n\t\t\t\t\t\t\t\t<img\n\t\t\t\t\ttitle=\"norcia05\"\n\t\t\t\t\talt=\"norcia05\"\n\t\t\t\t\tsrc=\"http:\/\/www.lagottoromagnolo.org\/wp-content\/gallery\/norcia17\/thumbs\/thumbs_norcia05.jpg\"\n\t\t\t\t\twidth=\"100\"\n\t\t\t\t\theight=\"75\"\n\t\t\t\t\tstyle=\"max-width:100%;\"\n\t\t\t\t\/>\n\t\t\t<\/a>\n\t\t<\/div>\n\t\t\t\t\t\t\t<\/div>\n\t\t\t\n\t\t\t\t<div id=\"ngg-image-5\" class=\"ngg-gallery-thumbnail-box\n\t\t\t\t\t\t\t\tngg-6-columns\t\t\t\"\n\t\t\t>\n\t\t\t\t\t\t<div class=\"ngg-gallery-thumbnail\">\n\t\t\t<a href=\"http:\/\/www.lagottoromagnolo.org\/wp-content\/gallery\/norcia17\/norcia06.jpg\"\n\t\t\t\ttitle=\"\"\n\t\t\t\tdata-src=\"http:\/\/www.lagottoromagnolo.org\/wp-content\/gallery\/norcia17\/norcia06.jpg\"\n\t\t\t\tdata-thumbnail=\"http:\/\/www.lagottoromagnolo.org\/wp-content\/gallery\/norcia17\/thumbs\/thumbs_norcia06.jpg\"\n\t\t\t\tdata-image-id=\"1410\"\n\t\t\t\tdata-title=\"norcia06\"\n\t\t\t\tdata-description=\"\"\n\t\t\t\tdata-image-slug=\"norcia06\"\n\t\t\t\t\t\t\t\t\t\t\t\t\t\t\t\t\t\t\t\tclass=\"ngg-fancybox\" rel=\"c2415c974d84a3b84ef9b06f1d6ec153\">\n\t\t\t\t\t\t\t\t<img\n\t\t\t\t\ttitle=\"norcia06\"\n\t\t\t\t\talt=\"norcia06\"\n\t\t\t\t\tsrc=\"http:\/\/www.lagottoromagnolo.org\/wp-content\/gallery\/norcia17\/thumbs\/thumbs_norcia06.jpg\"\n\t\t\t\t\twidth=\"100\"\n\t\t\t\t\theight=\"75\"\n\t\t\t\t\tstyle=\"max-width:100%;\"\n\t\t\t\t\/>\n\t\t\t<\/a>\n\t\t<\/div>\n\t\t\t\t\t\t\t<\/div>\n\t\t\t\n\t\t\t\t<div id=\"ngg-image-6\" class=\"ngg-gallery-thumbnail-box\n\t\t\t\t\t\t\t\tngg-6-columns\t\t\t\"\n\t\t\t>\n\t\t\t\t\t\t<div class=\"ngg-gallery-thumbnail\">\n\t\t\t<a href=\"http:\/\/www.lagottoromagnolo.org\/wp-content\/gallery\/norcia17\/norcia08.jpg\"\n\t\t\t\ttitle=\"\"\n\t\t\t\tdata-src=\"http:\/\/www.lagottoromagnolo.org\/wp-content\/gallery\/norcia17\/norcia08.jpg\"\n\t\t\t\tdata-thumbnail=\"http:\/\/www.lagottoromagnolo.org\/wp-content\/gallery\/norcia17\/thumbs\/thumbs_norcia08.jpg\"\n\t\t\t\tdata-image-id=\"1412\"\n\t\t\t\tdata-title=\"norcia08\"\n\t\t\t\tdata-description=\"\"\n\t\t\t\tdata-image-slug=\"norcia08\"\n\t\t\t\t\t\t\t\t\t\t\t\t\t\t\t\t\t\t\t\tclass=\"ngg-fancybox\" rel=\"c2415c974d84a3b84ef9b06f1d6ec153\">\n\t\t\t\t\t\t\t\t<img\n\t\t\t\t\ttitle=\"norcia08\"\n\t\t\t\t\talt=\"norcia08\"\n\t\t\t\t\tsrc=\"http:\/\/www.lagottoromagnolo.org\/wp-content\/gallery\/norcia17\/thumbs\/thumbs_norcia08.jpg\"\n\t\t\t\t\twidth=\"100\"\n\t\t\t\t\theight=\"75\"\n\t\t\t\t\tstyle=\"max-width:100%;\"\n\t\t\t\t\/>\n\t\t\t<\/a>\n\t\t<\/div>\n\t\t\t\t\t\t\t<\/div>\n\t\t\t\n\t\t\t\t<div id=\"ngg-image-7\" class=\"ngg-gallery-thumbnail-box\n\t\t\t\t\t\t\t\tngg-6-columns\t\t\t\"\n\t\t\t>\n\t\t\t\t\t\t<div class=\"ngg-gallery-thumbnail\">\n\t\t\t<a href=\"http:\/\/www.lagottoromagnolo.org\/wp-content\/gallery\/norcia17\/norcia07.jpg\"\n\t\t\t\ttitle=\"\"\n\t\t\t\tdata-src=\"http:\/\/www.lagottoromagnolo.org\/wp-content\/gallery\/norcia17\/norcia07.jpg\"\n\t\t\t\tdata-thumbnail=\"http:\/\/www.lagottoromagnolo.org\/wp-content\/gallery\/norcia17\/thumbs\/thumbs_norcia07.jpg\"\n\t\t\t\tdata-image-id=\"1411\"\n\t\t\t\tdata-title=\"norcia07\"\n\t\t\t\tdata-description=\"\"\n\t\t\t\tdata-image-slug=\"norcia07\"\n\t\t\t\t\t\t\t\t\t\t\t\t\t\t\t\t\t\t\t\tclass=\"ngg-fancybox\" rel=\"c2415c974d84a3b84ef9b06f1d6ec153\">\n\t\t\t\t\t\t\t\t<img\n\t\t\t\t\ttitle=\"norcia07\"\n\t\t\t\t\talt=\"norcia07\"\n\t\t\t\t\tsrc=\"http:\/\/www.lagottoromagnolo.org\/wp-content\/gallery\/norcia17\/thumbs\/thumbs_norcia07.jpg\"\n\t\t\t\t\twidth=\"100\"\n\t\t\t\t\theight=\"75\"\n\t\t\t\t\tstyle=\"max-width:100%;\"\n\t\t\t\t\/>\n\t\t\t<\/a>\n\t\t<\/div>\n\t\t\t\t\t\t\t<\/div>\n\t\t\t\n\t\n\t<br style=\"clear: both\" \/>\n\n\t\n\t\t<div class=\"ngg-clear\"><\/div>\n\t<\/div>\n<\/p>\n<hr>\n<p style=\"text-align: left;\">15\/10\/2016<br \/>\n<strong>Giovanni Morsiani nominato Presidente Onorario del C. I. L.<\/strong><\/p>\n<p style=\"text-align: center;\"><a href=\"http:\/\/www.lagottoromagnolo.org\/?attachment_id=4631\" rel=\"attachment wp-att-4631\"><img loading=\"lazy\" decoding=\"async\" class=\"aligncenter size-full wp-image-4631\" src=\"http:\/\/www.lagottoromagnolo.org\/wp-content\/uploads\/morsiani1a.jpg\" alt=\"morsiani1a\" width=\"900\" height=\"527\" srcset=\"http:\/\/www.lagottoromagnolo.org\/wp-content\/uploads\/morsiani1a.jpg 900w, http:\/\/www.lagottoromagnolo.org\/wp-content\/uploads\/morsiani1a-150x88.jpg 150w, http:\/\/www.lagottoromagnolo.org\/wp-content\/uploads\/morsiani1a-300x176.jpg 300w\" sizes=\"auto, (max-width: 900px) 100vw, 900px\" \/><\/a><\/p>\n<p>In considerazione del grande ed illuminato impegno da sempre prodigato in favore del Lagotto Romagnolo il Consiglio Direttivo del Club ha conferito la carica di Presidente Onorario del C.I.L. a Giovanni Morsiani. La nomina \u00e8 stata ufficializzata in occasione del Raduno di Bagno di Romagna alla presenza dei componenti il Direttivo e del Presidente dell&#8217;E.N.C.I. Dino Muto<\/p>\n<hr>\n<p>&nbsp;<\/p>\n<p>20\/05\/2016<br \/>\nNella seduta del 20\/05 il Consiglio ha preso atto delle dimissioni di Ermanno Zavagli da Segretario e da Consigliere del Club, ringraziandolo per il lavoro svolto in tanti anni di impegno a favore del C.I.L. e del lagotto e ha provveduto alla nomina di un nuovo Segretario nella persona di Luca Rondinini (come previsto dallo statuto il Segretario pu\u00f2 anche essere scelto al di fuori del Consiglio)<\/p>\n<hr>\n<p>&nbsp;<\/p>\n<p>22\/04\/2016<br \/>\nIl Consiglio Direttivo del Club Italiano Lagotto, nella riunione del 22\/04\/2016 ha preso atto delle dimissioni di Giovanni Morsiani da Presidente e Consigliere del Club, ringraziandolo per l&#8217;impegno straordinario profuso in tanti anni di lavoro a favore del Lagotto e del Club. In seguito sono state rideterminate le cariche sociali all\u2019interno del Consiglio Direttivo che risulta cos\u00ec composto: Presidente Paolo Alessandrini , vice Presidente Maria Cristina Sanguinetti , Segretario Ermanno Zavagli, Consiglieri Ferdinando Bassi, Serena Bernardi, Franco Billi, Lorenzo Ciacci, Laura Tanos.<\/p>\n","protected":false},"excerpt":{"rendered":"<p>&gt; Archivio articoli&nbsp; &nbsp; &nbsp; &nbsp;&gt; Archivio riviste CIL 15\/11\/2018 Novit\u00e0 ENCI A partire dal 1 gennaio 2019, all\u2019atto della registrazione del Modello A (denuncia di monta e nascita) \u00e8 necessario aver provveduto al deposito del campione di materiale biologico <span class=\"excerpt-dots\">&hellip;<\/span> <a class=\"more-link\" href=\"http:\/\/www.lagottoromagnolo.org\/?page_id=4439\"><span class=\"more-msg\">Continua a leggere &rarr;<\/span><\/a><\/p>\n","protected":false},"author":2,"featured_media":0,"parent":0,"menu_order":1,"comment_status":"closed","ping_status":"closed","template":"","meta":{"ngg_post_thumbnail":0,"footnotes":""},"class_list":["post-4439","page","type-page","status-publish","hentry"],"_links":{"self":[{"href":"http:\/\/www.lagottoromagnolo.org\/index.php?rest_route=\/wp\/v2\/pages\/4439","targetHints":{"allow":["GET"]}}],"collection":[{"href":"http:\/\/www.lagottoromagnolo.org\/index.php?rest_route=\/wp\/v2\/pages"}],"about":[{"href":"http:\/\/www.lagottoromagnolo.org\/index.php?rest_route=\/wp\/v2\/types\/page"}],"author":[{"embeddable":true,"href":"http:\/\/www.lagottoromagnolo.org\/index.php?rest_route=\/wp\/v2\/users\/2"}],"replies":[{"embeddable":true,"href":"http:\/\/www.lagottoromagnolo.org\/index.php?rest_route=%2Fwp%2Fv2%2Fcomments&post=4439"}],"version-history":[{"count":31,"href":"http:\/\/www.lagottoromagnolo.org\/index.php?rest_route=\/wp\/v2\/pages\/4439\/revisions"}],"predecessor-version":[{"id":15399,"href":"http:\/\/www.lagottoromagnolo.org\/index.php?rest_route=\/wp\/v2\/pages\/4439\/revisions\/15399"}],"wp:attachment":[{"href":"http:\/\/www.lagottoromagnolo.org\/index.php?rest_route=%2Fwp%2Fv2%2Fmedia&parent=4439"}],"curies":[{"name":"wp","href":"https:\/\/api.w.org\/{rel}","templated":true}]}}