{"id":45,"date":"2016-02-29T21:37:19","date_gmt":"2016-02-29T20:37:19","guid":{"rendered":"http:\/\/www.lagottoromagnolo.org\/?page_id=45"},"modified":"2025-01-21T19:09:56","modified_gmt":"2025-01-21T18:09:56","slug":"il-lagotto-romagnolo","status":"publish","type":"page","link":"http:\/\/www.lagottoromagnolo.org\/?page_id=45","title":{"rendered":"IL LAGOTTO ROMAGNOLO"},"content":{"rendered":"<p style=\"text-align: right;\"><strong><a href=\"http:\/\/www.lagottoromagnolo.org\/?page_id=62\">&gt; La storia<\/a>&nbsp; &nbsp;&nbsp; &nbsp;&nbsp;<a href=\"http:\/\/www.lagottoromagnolo.org\/?page_id=85\">&gt; Standard morfologico<\/a>&nbsp; &nbsp;&nbsp; &nbsp;&nbsp;<a href=\"http:\/\/www.lagottoromagnolo.org\/?page_id=88\">&gt; Campionato Sociale di bellezza<\/a><\/strong><\/p>\n<p>\u00c8 un cane specializzato nella ricerca del tartufo su qualsiasi tipo di terreno; unica razza riconosciuta con questa attitudine. Si tratta di un&#8217;antica razza da riporto in acqua, presente fin dal XVI secolo, nelle valli di Comacchio e nelle lagune ravennati e diffusasi, a partire dal XIX secolo, nelle pianure e nelle colline romagnole con la specifica funzione di cane da tartufi. Tipico cane da acqua, di mole medio-piccola, mesomorfo, quadrato; l&#8217;aspetto generale \u00e8 rustico, forte e ben proporzionato, se ne intuisce la funzionalit\u00e0 nel lavoro. L&#8217;espressione \u00e8 attenta, intelligente e vivace. Mentre lavora esibisce passione ed efficienza, sfruttando la innata attitudine alla cerca e l&#8217;eccellente olfatto. L&#8217;istinto venatorio \u00e8 stato cancellato, cos\u00ec non viene distratto dal selvatico. Affettuoso e legatissimo al padrone, \u00e8 anche un eccellente cane da compagnia, molto addestrabile.<\/p>\n<p style=\"text-align: left;\">Per approfondire la conoscenza del Lagotto:<\/p>\n<p style=\"text-align: left;\"><a id=\"libro\"><\/a><span style=\"font-size: 6pt;\">.<\/span><\/p>\n<hr>\n<h3 style=\"text-align: center;\">Il mio lagotto romagnolo \/ My lagotto romagnolo<\/h3>\n<p style=\"text-align: center;\">di Gilberto Grandi<\/p>\n<p style=\"text-align: center;\">&#8220;E\u2019 pronto il mio libro sul Lagotto Romagnolo in Italiano\/Inglese, libro di \u201cricordi e riflessioni tecniche\u201d. \u2013 <em>My book about Lagotto Romagnolo in English\/Italian is ready, a book about \u201cmemories and technical reflections<\/em>\u201d<\/p>\n<p style=\"text-align: center;\">ngg_shortcode_0_placeholder<\/p>\n<p style=\"text-align: left;\"><span style=\"text-decoration: underline;\">Per acquistarlo\/<em>To buy it<\/em><\/span>:<br \/>\n&#8211; da ITALIA:<br \/>\n20,00 + 3,00 spese postali = 23,00 euro<\/p>\n<p>&#8211; from EUROPE (UK up to Dec. 31, 2020):<br \/>\n20,00 + 12,00 Priority Int. = 32,00 euro<\/p>\n<p>&#8211; REST OF THE WORLD: please go to: http:\/\/lagotto-grooming.com\/<\/p>\n<p><span style=\"color: #ff0000;\">NOTA BENE<\/span>: CON LE STESSE SPESE DI SPEDIZIONE (3,00 euro Italia-12,00 Europa) \u00c8 POSSIBILE ACQUISTARE DUE LIBRI IN UN\u2019UNICA BUSTA<\/p>\n<p><em><span style=\"color: #ff0000;\">NEWS<\/span>: NOW, WITH THE SAME SHIPPING COSTS (3,00 ITALY- 12,00 EUROPE) YOU CAN BUY TWO BOOKS IN ONE ENVELOPE).<\/em><\/p>\n<h3 style=\"text-align: center;\">Info: <a href=\"mailto:gilbertograndi@hotmail.com\" target=\"_blank\" rel=\"noopener\">gilbertograndi@hotmail.com<\/a><\/h3>\n<p><strong>ERRATA CORRIGE \u201cIl mio Lagotto Romagnolo\u201d Ed. 2020\/\u201cMy Lagotto Romagnolo\u201d Ed. 2020<\/strong><\/p>\n<p>Pagina 30: \u2026il Club del Lagotto Olandese avrebbe invitato degli allevatori <strong><em>svedesi<\/em><\/strong> a tenere un corso\u2026<br \/>\n<strong><u>Non<\/u><\/strong>, come indicato, allevatori<strong> <em>norvegesi<\/em><\/strong><\/p>\n<p><em>Page 30: \u2026the Dutch Lagotto Club would have invited <strong>Swedish<\/strong> breeders to take a course\u2026<\/em><br \/>\n<em><strong><u>Not<\/u><\/strong>, as stated,<strong> Norwegian <\/strong>breeders<\/em><\/p>\n<p>Pagina 40: \u2026(la linea che congiunge gli angoli interno ed esterno dell\u2019occhio forma con l\u2019orizzonte un <strong><em>angolo di 10\u00b0\/15\u00b0<\/em><\/strong>).<br \/>\n<strong><u>Non<\/u><\/strong>, come indicato, un<strong> <em>angolo di 15\u00b0\/20\u00b0<\/em><\/strong><\/p>\n<p><em>Page 40: \u2026(the line that joins the inner and outer corners of the eye forms with the horizon an angle of <strong>10\/15 degrees<\/strong>).<\/em><br \/>\n<em><strong><u>Not<\/u><\/strong>, as stated, an<strong> angle of 15\/20 degrees <\/strong><\/em><\/p>\n<hr>\n<h3 style=\"text-align: center;\">Il lagotto romagnolo<br \/>\nconoscerlo in modo facile<\/h3>\n<p style=\"text-align: center;\">di Domenico Milillo<\/p>\n<p>Il libro di Domenico Milillo semplice e di facile lettura puo&#8217; essere richiesto direttamente all&#8217;autore inviando tramite messenger l&#8217;indirizzo, <a href=\"https:\/\/www.facebook.com\/profile.php?id=100007752375225\"><strong>QUI<\/strong><\/a><\/p>\n<p style=\"text-align: center;\">ngg_shortcode_1_placeholder<\/p>\n<p>&nbsp;<\/p>\n<hr>\n<h3 style=\"text-align: center;\">Lagotto Romagnolo Grooming<\/h3>\n<p style=\"text-align: center;\">di Katrien van Gemert<\/p>\n<p style=\"text-align: center;\">Libro in inglese, adesso disponibile anche tradotto in italiano, sulla toelettatura del lagotto romagnolo, si pu\u00f2 ordinare <a href=\"https:\/\/lagotto-grooming.com\/shop\/lagotto-romagnolo-grooming-boek\/?fbclid=IwAR2MOkqbO4bK3vq5jK30_8PSPRfonn6QQ51UJP1r7OhLfHtA-ndoN84mdTo\" target=\"_blank\" rel=\"noopener\"><strong>QUI<\/strong><\/a><\/p>\n<p style=\"text-align: center;\">ngg_shortcode_2_placeholder<\/p>\n<hr>\n<p>&nbsp;<\/p>\n<p style=\"text-align: center;\">Purtroppo il libro vecchio al momento risulta esaurito e <span style=\"color: #ff0000;\"><strong>non \u00e8 pi\u00f9 disponibile<\/strong><\/span><\/p>\n<p style=\"text-align: center;\"><strong>&#8220;IL LAGOTTO ROMAGNOLO Storie di cani e tartufai&#8221;<\/strong> di Giovanni Morsiani, editore MURSIA<\/p>\n<p style=\"text-align: center;\">ngg_shortcode_3_placeholder<\/p>\n<p style=\"text-align: center;\"><span style=\"font-size: 1em; font-style: italic; background-color: rgba(128, 128, 128, 0.1);\">Un libro totale sulla razza, la storia di oltre vent&#8217;anni destinati al suo recupero, un libro indispensabile per tutti gli appassionati del Lagotto Romagnolo.<\/span><\/p>\n<hr>\n<p style=\"text-align: left;\"><a id=\"dvd\"><\/a><span style=\"font-size: 6pt;\">.<\/span><\/p>\n<h3 style=\"text-align: center;\"><strong><span style=\"color: #ff0000;\">E\u2019 disponibile il DVD<\/span><\/strong><\/h3>\n<h3 style=\"text-align: center;\"><strong>&nbsp;\u201d IL LAGOTTO ROMAGNOLO CANE DA TARTUFO\u201c<\/strong><\/h3>\n<p style=\"text-align: center;\">ngg_shortcode_4_placeholder<\/p>\n<p style=\"text-align: center;\">con audio in italiano e inglese, della durata di 53 minuti, comprende i capitoli:<\/p>\n<p style=\"padding-left: 330px;\">1) A Tartufi con il Lagotto<br \/>\n2) Lo Standard di Lavoro<br \/>\n3) Le Prove di Lavoro<br \/>\n4) Addestramento<\/p>\n<p style=\"text-align: center;\">Per informazioni: <strong><a href=\"mailto:lagotto@lagottoromagnolo.org\">lagotto@lagottoromagnolo.org<\/a><\/strong><\/p>\n<hr>\n<p style=\"text-align: left;\"><a id=\"yt\"><\/a><span style=\"font-size: 6pt;\">.<\/span><\/p>\n<h3 style=\"text-align: center;\"><strong><span style=\"color: #ff0000;\">Canale YouTube del C.I.L.<\/span><\/strong><\/h3>\n<h3 style=\"text-align: center;\"><a href=\"https:\/\/www.youtube.com\/@CLUBITALIANOLAGOTTO-d3e\" target=\"_blank\" rel=\"noopener\"><strong>&gt;&gt; QUI &lt;<img loading=\"lazy\" decoding=\"async\" class=\"ngg- ngg-center aligncenter\" src=\"http:\/\/www.lagottoromagnolo.org\/wp-content\/gallery\/foto-sito\/youtube.jpg\" alt=\"youtube\" width=\"150\" height=\"150\"><\/strong><\/a><\/h3>\n<p style=\"text-align: center;\"><iframe loading=\"lazy\" title=\"YouTube video player\" src=\"https:\/\/www.youtube.com\/embed\/gQ__5K0ta9s?si=vMfTtM_q6XJip-ee\" width=\"560\" height=\"315\" frameborder=\"0\" allowfullscreen=\"allowfullscreen\"><\/iframe><\/p>\n<p style=\"text-align: center;\"><iframe loading=\"lazy\" title=\"YouTube video player\" src=\"https:\/\/www.youtube.com\/embed\/puXIGBBnxmM?si=VI8BdwqhuoATfrsp\" width=\"560\" height=\"315\" frameborder=\"0\" allowfullscreen=\"allowfullscreen\"><\/iframe><\/p>\n","protected":false},"excerpt":{"rendered":"<p>&gt; La storia&nbsp; &nbsp;&nbsp; &nbsp;&nbsp;&gt; Standard morfologico&nbsp; &nbsp;&nbsp; &nbsp;&nbsp;&gt; Campionato Sociale di bellezza \u00c8 un cane specializzato nella ricerca del tartufo su qualsiasi tipo di terreno; unica razza riconosciuta con questa attitudine. Si tratta di un&#8217;antica razza da riporto in <span class=\"excerpt-dots\">&hellip;<\/span> <a class=\"more-link\" href=\"http:\/\/www.lagottoromagnolo.org\/?page_id=45\"><span class=\"more-msg\">Continua a leggere &rarr;<\/span><\/a><\/p>\n","protected":false},"author":1,"featured_media":0,"parent":0,"menu_order":4,"comment_status":"closed","ping_status":"closed","template":"","meta":{"ngg_post_thumbnail":0,"footnotes":""},"class_list":["post-45","page","type-page","status-publish","hentry"],"_links":{"self":[{"href":"http:\/\/www.lagottoromagnolo.org\/index.php?rest_route=\/wp\/v2\/pages\/45","targetHints":{"allow":["GET"]}}],"collection":[{"href":"http:\/\/www.lagottoromagnolo.org\/index.php?rest_route=\/wp\/v2\/pages"}],"about":[{"href":"http:\/\/www.lagottoromagnolo.org\/index.php?rest_route=\/wp\/v2\/types\/page"}],"author":[{"embeddable":true,"href":"http:\/\/www.lagottoromagnolo.org\/index.php?rest_route=\/wp\/v2\/users\/1"}],"replies":[{"embeddable":true,"href":"http:\/\/www.lagottoromagnolo.org\/index.php?rest_route=%2Fwp%2Fv2%2Fcomments&post=45"}],"version-history":[{"count":64,"href":"http:\/\/www.lagottoromagnolo.org\/index.php?rest_route=\/wp\/v2\/pages\/45\/revisions"}],"predecessor-version":[{"id":20075,"href":"http:\/\/www.lagottoromagnolo.org\/index.php?rest_route=\/wp\/v2\/pages\/45\/revisions\/20075"}],"wp:attachment":[{"href":"http:\/\/www.lagottoromagnolo.org\/index.php?rest_route=%2Fwp%2Fv2%2Fmedia&parent=45"}],"curies":[{"name":"wp","href":"https:\/\/api.w.org\/{rel}","templated":true}]}}