{"id":9780,"date":"2018-05-18T20:14:47","date_gmt":"2018-05-18T18:14:47","guid":{"rendered":"http:\/\/www.lagottoromagnolo.org\/?page_id=9780"},"modified":"2018-06-24T21:32:03","modified_gmt":"2018-06-24T19:32:03","slug":"regolamento-del-trofeo-del-trentennale","status":"publish","type":"page","link":"http:\/\/www.lagottoromagnolo.org\/?page_id=9780","title":{"rendered":"Regolamento del Trofeo del Trentennale"},"content":{"rendered":"<p>\u00c8 un trofeo speciale che viene conferito al cane che ha ottenuto il punteggio pi\u00f9 alto nel 2018 (l\u2019anno del trentennale del CIL).<\/p>\n<p>Gli eventi che concorrono al calcolo del punteggio sono i seguenti raduni del CIL :<\/p>\n<p><strong>&#8211; 23 giugno \u2013 IMOLA<\/strong><br \/>\n<strong> &#8211; 7 luglio \u2013 MERCOGLIANO<\/strong><br \/>\n<strong> &#8211; 1 settembre \u2013 AVEZZANO<\/strong><br \/>\n<strong> &#8211; 13 ottobre \u2013 BAGNO DI ROMAGNA<\/strong><\/p>\n<p>I punti vengono calcolati in base a :<br \/>\n&#8211; qualifica,<br \/>\n&#8211; classifica,<br \/>\n&#8211; titoli ( CAC, RCAC, BOB &amp; BOS )<br \/>\n&#8211; numero di cani presentati nella classe.<br \/>\nIl punteggio totale \u00e8 dato dalla somma dei punti ottenuti ad ogni raduno CIL da ciascun cane,&nbsp;nelle classi Libera, Intermedia, Lavoro e Campioni.<\/p>\n<p><span style=\"text-decoration: underline;\">Punti per la qualifica<\/span>:<br \/>\n&#8211; ECCELENTE \u2013 6 punti<br \/>\n&#8211; per MB, B e AB non verr\u00e0 assegnato alcun punteggio.<\/p>\n<p><span style=\"text-decoration: underline;\">Punti per la classifica<\/span> (ma solo se il cane ha preso la qualifica di Eccellente):<br \/>\n&nbsp;1\u00b0 classificato \u2013 4 punti<br \/>\n&nbsp;2\u00b0 classificato \u2013 3 punti<br \/>\n&nbsp;3\u00b0 classificato \u2013 2 punti<br \/>\n&nbsp;4\u00b0 classificato \u2013 1 punto<\/p>\n<p><span style=\"text-decoration: underline;\">Punti per i titoli<\/span>:<br \/>\n&nbsp;CAC \u2013 4 punti<br \/>\n&nbsp;RCAC \u2013 2 punti<br \/>\n&nbsp;BOB \u2013 4 punti (ma solo se ottenuto da un cane della classe campioni)<br \/>\n&nbsp;BOS \u2013 2 punti (ma solo se ottenuto da un cane della classe campioni)<\/p>\n<p>(BOB e BOS non conferiscono ulteriori punti in pi\u00f9 se il cane ha ottenuto anche il CAC)<\/p>\n<p><span style=\"text-decoration: underline;\">Punti per bilanciamento<\/span>:<br \/>\nVengono considerati per ogni classe i cani PRESENTATI<br \/>\n(non solo iscritti, ma anche effettivamente presentati nel ring).<br \/>\ntra 1-5 cani &#8211; non verr\u00e0 assegnato alcun punteggio<br \/>\ntra 6-10 cani &#8211; 1 punto in pi\u00f9<br \/>\ntra 11-15 cani &#8211; 2 punti<br \/>\ntra 16-20 cani &#8211; 3 punti<br \/>\ntra 21-25 cani &#8211; 4 punti<br \/>\ntra 26-30 cani &#8211; 5 punti<br \/>\n&nbsp;ecc.<\/p>\n<p>I punti vengono calcolati dopo ogni raduno e scritti sul sito del CIL.<\/p>\n<p>Sono considerati validi i punti ottenuti in massimo 3 tra i 4 raduni CIL.<\/p>\n<p>Nel caso di parit\u00e0 vince il cane che ha ottenuto pi\u00f9 punti in meno raduni. Se anche cos\u00ec sono pari allora vince il cane pi\u00f9 giovane.<\/p>\n","protected":false},"excerpt":{"rendered":"<p>\u00c8 un trofeo speciale che viene conferito al cane che ha ottenuto il punteggio pi\u00f9 alto nel 2018 (l\u2019anno del trentennale del CIL). Gli eventi che concorrono al calcolo del punteggio sono i seguenti raduni del CIL : &#8211; 23 <span class=\"excerpt-dots\">&hellip;<\/span> <a class=\"more-link\" href=\"http:\/\/www.lagottoromagnolo.org\/?page_id=9780\"><span class=\"more-msg\">Continua a leggere &rarr;<\/span><\/a><\/p>\n","protected":false},"author":2,"featured_media":0,"parent":132,"menu_order":0,"comment_status":"closed","ping_status":"closed","template":"","meta":{"ngg_post_thumbnail":0,"footnotes":""},"class_list":["post-9780","page","type-page","status-publish","hentry"],"_links":{"self":[{"href":"http:\/\/www.lagottoromagnolo.org\/index.php?rest_route=\/wp\/v2\/pages\/9780","targetHints":{"allow":["GET"]}}],"collection":[{"href":"http:\/\/www.lagottoromagnolo.org\/index.php?rest_route=\/wp\/v2\/pages"}],"about":[{"href":"http:\/\/www.lagottoromagnolo.org\/index.php?rest_route=\/wp\/v2\/types\/page"}],"author":[{"embeddable":true,"href":"http:\/\/www.lagottoromagnolo.org\/index.php?rest_route=\/wp\/v2\/users\/2"}],"replies":[{"embeddable":true,"href":"http:\/\/www.lagottoromagnolo.org\/index.php?rest_route=%2Fwp%2Fv2%2Fcomments&post=9780"}],"version-history":[{"count":2,"href":"http:\/\/www.lagottoromagnolo.org\/index.php?rest_route=\/wp\/v2\/pages\/9780\/revisions"}],"predecessor-version":[{"id":9951,"href":"http:\/\/www.lagottoromagnolo.org\/index.php?rest_route=\/wp\/v2\/pages\/9780\/revisions\/9951"}],"up":[{"embeddable":true,"href":"http:\/\/www.lagottoromagnolo.org\/index.php?rest_route=\/wp\/v2\/pages\/132"}],"wp:attachment":[{"href":"http:\/\/www.lagottoromagnolo.org\/index.php?rest_route=%2Fwp%2Fv2%2Fmedia&parent=9780"}],"curies":[{"name":"wp","href":"https:\/\/api.w.org\/{rel}","templated":true}]}}