{"id":2,"date":"2016-02-29T11:01:21","date_gmt":"2016-02-29T10:01:21","guid":{"rendered":"http:\/\/www.lagottoromagnolo.org\/?page_id=2"},"modified":"2026-02-04T12:49:43","modified_gmt":"2026-02-04T11:49:43","slug":"pagina-di-esempio","status":"publish","type":"page","link":"https:\/\/www.lagottoromagnolo.org\/","title":{"rendered":"Home"},"content":{"rendered":"<h2 style=\"text-align: center;\">Benvenuti sul sito del Club Italiano Lagotto<br \/>\n&#8220;Quintino Toschi&#8221;<\/h2>\n<hr>\n<div class=\"moz-text-html\" lang=\"x-unicode\">\n<div dir=\"ltr\">\n<h2 style=\"text-align: center;\">PROCEDURA PER ASSOCIARSI AL CIL, E OTTENERE LA TESSERA ENCI<\/h2>\n<h4>Da 2022 la tessera E.N.C.I. cartacea non esiste pi\u00f9, i Soci al momento dell\u2019adesione al Club (sia per nuova adesione che per rinnovo) riceveranno via e-mail o sms un link con il quale sar\u00e0 possibile scaricare le tessera in formato elettronico (pdf).<\/h4>\n<h4>Il primo passo per chi vuole associarsi al Club Italiano Lagotto \u00e8 compilare ed inviare la domanda di associazione on-line disponibile nel sito del club.<br \/>\nLa compilazione del modulo \u00e8 fondamentale anche in caso di rinnovo per verificare che i dati siano aggiornati ed indicare l\u2019indirizzo mail o il numero di telefono mobile su cui ricevere la tessera in formato elettronico.<\/h4>\n<h4>Il secondo passo \u00e8 il pagamento della quota associativa. Nel sito sono indicate le coordinate Bancarie per poter effettuare il bonifico. In caso di difficolt\u00e0 o impossibilit\u00e0 contattare la segreteria del club o il referente per il tesseramento.<br \/>\nIl solo pagamento senza l\u2019invio del modulo non permette di completare il tesseramento.<\/h4>\n<h4>SOLO DOPO CHE IL CLUB AVRA\u2019 RICEVUTO IL MODULO DI ADESIONE E L\u2019ACCREDITO, la procedura potr\u00e0 continuare , in quanto la data di accredito assieme ai dati forniti nella domanda dal socio saranno indispensabili per l\u2019iscrizione all\u2019 E.N.C.I.<\/h4>\n<h4>In caso di RINNOVO (da parte di un socio dell\u2019anno precedente), una volta ricevuto il modulo di iscrizione e l\u2019accredito della quota sociale, il Club pu\u00f2 richiedere tramite il portale E.N.C.I. l\u2019iscrizione del socio C.I.L. nel database della stessa E.N.C.I. e l\u2019emissione della relativa tessera.<\/h4>\n<h4>In caso di <span style=\"color: #ff0000;\">NUOVA ADESIONE lo <a style=\"color: #ff0000;\" href=\"http:\/\/www.lagottoromagnolo.org\/?page_id=32\" target=\"_blank\" rel=\"noopener noreferrer\">Statuto<\/a> prevede che ci debba essere l\u2019approvazione da parte del Consiglio Direttivo, di norma il, Consiglio si riunisce alla fine di ogni mese per l\u2019approvazione dei nuovi soci, solo dopo questo passaggio OBBLIGATORIO sar\u00e0 possibile l\u2019inserimento nel database E.N.C.I. e l\u2019emissione della tessera.<\/span><br \/>\n<span style=\"color: #ff00ff;\">Ricordiamo che anche i soci degli anni precedenti che non si siano tesserati nell&#8217;anno precedente a termini di Statuto sono considerati nuovi soci e devono seguire lo stesso iter di questi ultimi.<\/span><\/h4>\n<h4>Con l\u2019applicazione della nuova procedura, non c\u2019\u00e8 pi\u00f9 a disposizione del C.I.L. alcuna possibilit\u00e0 di poter modificare a sua discrezione, nessuna fase di questo processo che in talune occasioni in passato presentava pi\u00f9 flessibilit\u00e0.<\/h4>\n<h4>E\u2019 possibile scaricare sul telefono l\u2019app Enci Mobile per la gestione della tessera, disponibile negli store per android o per apple. I link per scaricare questa app saranno inviati assieme a quello per scaricare la tessera.<\/h4>\n<\/div>\n<\/div>\n<p style=\"text-align: center;\"><strong>La validit\u00e0 della tessera \u00e8 sempre <span style=\"color: #ff0000;\">fino a 31 dicembre<\/span> dell&#8217;anno corrente.<\/strong><\/p>\n<p>&nbsp;<\/p>\n<hr>\n<h2 style=\"text-align: center;\"><strong><a href=\"http:\/\/www.lagottoromagnolo.org\/?page_id=14829\">&gt;&gt; Modulo &lt;&lt;<\/a><\/strong><\/h2>\n<hr>\n<h2 style=\"text-align: center;\"><a href=\"http:\/\/www.lagottoromagnolo.org\/wp-content\/uploads\/gb.gif\"><img loading=\"lazy\" decoding=\"async\" class=\"wp-image-7734 aligncenter\" src=\"http:\/\/www.lagottoromagnolo.org\/wp-content\/uploads\/gb-150x100.gif\" alt=\"\" width=\"50\" height=\"33\" srcset=\"https:\/\/www.lagottoromagnolo.org\/wp-content\/uploads\/gb-150x100.gif 150w, https:\/\/www.lagottoromagnolo.org\/wp-content\/uploads\/gb-300x200.gif 300w\" sizes=\"auto, (max-width: 50px) 100vw, 50px\" \/><\/a><\/h2>\n<h2 style=\"text-align: center;\"><strong><a href=\"http:\/\/www.lagottoromagnolo.org\/?page_id=16526\">&gt;&gt; Form (to fill out) &lt;&lt;<\/a><\/strong><\/h2>\n<hr>\n<p style=\"text-align: center;\"><a href=\"http:\/\/www.lagottoromagnolo.org\/?page_id=23\"><img loading=\"lazy\" decoding=\"async\" class=\"ngg-singlepic ngg-center alignleft\" src=\"http:\/\/www.lagottoromagnolo.org\/wp-content\/gallery\/foto-sito\/tessera.jpg\" alt=\"tessera\" width=\"150\" height=\"150\"><\/a><a href=\"http:\/\/www.lagottoromagnolo.org\/?page_id=156\"><img loading=\"lazy\" decoding=\"async\" class=\"ngg-singlepic ngg-center alignleft\" src=\"http:\/\/www.lagottoromagnolo.org\/wp-content\/gallery\/foto-sito\/calendario.jpg\" alt=\"calendario\" width=\"150\" height=\"150\"><\/a><a href=\"http:\/\/www.lagottoromagnolo.org\/?page_id=1939\"><img loading=\"lazy\" decoding=\"async\" class=\"ngg-singlepic ngg-center alignleft\" src=\"http:\/\/www.lagottoromagnolo.org\/wp-content\/gallery\/foto-sito\/contatti.jpg\" alt=\"contatti\" width=\"150\" height=\"150\"><\/a><a href=\"http:\/\/www.lagottoromagnolo.org\/?page_id=2046\"><img loading=\"lazy\" decoding=\"async\" class=\"ngg-singlepic ngg-center alignleft\" src=\"http:\/\/www.lagottoromagnolo.org\/wp-content\/gallery\/foto-sito\/allevamento.jpg\" alt=\"allevamento\" width=\"150\" height=\"150\"><\/a><a href=\"http:\/\/www.lagottoromagnolo.org\/?page_id=6955\"><img loading=\"lazy\" decoding=\"async\" class=\"ngg-singlepic ngg-center alignleft\" src=\"http:\/\/www.lagottoromagnolo.org\/wp-content\/gallery\/foto-sito\/domande.jpg\" alt=\"domande\" width=\"150\" height=\"150\"><\/a><a href=\"http:\/\/www.lagottoromagnolo.org\/?page_id=1200\"><img loading=\"lazy\" decoding=\"async\" class=\"ngg-singlepic ngg-center alignleft\" src=\"http:\/\/www.lagottoromagnolo.org\/wp-content\/gallery\/foto-sito\/pedigree.jpg\" alt=\"pedigree\" width=\"150\" height=\"150\"><\/a><a href=\"http:\/\/www.lagottoromagnolo.org\/?page_id=113\"><img loading=\"lazy\" decoding=\"async\" class=\"ngg-singlepic ngg-center alignleft\" src=\"http:\/\/www.lagottoromagnolo.org\/wp-content\/gallery\/foto-sito\/test.jpg\" alt=\"test\" width=\"150\" height=\"150\"><\/a><a href=\"http:\/\/www.lagottoromagnolo.org\/?page_id=45\/#dvd\"><img loading=\"lazy\" decoding=\"async\" class=\"ngg-singlepic ngg-center alignleft\" src=\"http:\/\/www.lagottoromagnolo.org\/wp-content\/gallery\/foto-sito\/dvd1.jpg\" alt=\"dvd1\" width=\"150\" height=\"150\"><\/a><a href=\"http:\/\/www.lagottoromagnolo.org\/?page_id=45\/#libro\"><img loading=\"lazy\" decoding=\"async\" class=\"ngg-singlepic ngg-center alignleft\" src=\"http:\/\/www.lagottoromagnolo.org\/wp-content\/gallery\/foto-sito\/libro2.jpg\" alt=\"libro2\" width=\"150\" height=\"150\"><\/a><a href=\"http:\/\/www.lagottoromagnolo.org\/?page_id=45\/#yt\"><img loading=\"lazy\" decoding=\"async\" class=\"ngg-aligncenter ngg-center alignleft\" src=\"http:\/\/www.lagottoromagnolo.org\/wp-content\/gallery\/foto-sito\/youtube.jpg\" alt=\"youtube\" width=\"150\" height=\"150\"><\/a><\/p>\n<p><!-- Inizio Codice ShinyStat --><\/p>\n","protected":false},"excerpt":{"rendered":"<p>Benvenuti sul sito del Club Italiano Lagotto &#8220;Quintino Toschi&#8221; PROCEDURA PER ASSOCIARSI AL CIL, E OTTENERE LA TESSERA ENCI Da 2022 la tessera E.N.C.I. cartacea non esiste pi\u00f9, i Soci al momento dell\u2019adesione al Club (sia per nuova adesione che <span class=\"excerpt-dots\">&hellip;<\/span> <a class=\"more-link\" href=\"https:\/\/www.lagottoromagnolo.org\/\"><span class=\"more-msg\">Continua a leggere &rarr;<\/span><\/a><\/p>\n","protected":false},"author":1,"featured_media":0,"parent":0,"menu_order":0,"comment_status":"closed","ping_status":"open","template":"","meta":{"ngg_post_thumbnail":0,"footnotes":""},"class_list":["post-2","page","type-page","status-publish","hentry"],"_links":{"self":[{"href":"https:\/\/www.lagottoromagnolo.org\/index.php?rest_route=\/wp\/v2\/pages\/2","targetHints":{"allow":["GET"]}}],"collection":[{"href":"https:\/\/www.lagottoromagnolo.org\/index.php?rest_route=\/wp\/v2\/pages"}],"about":[{"href":"https:\/\/www.lagottoromagnolo.org\/index.php?rest_route=\/wp\/v2\/types\/page"}],"author":[{"embeddable":true,"href":"https:\/\/www.lagottoromagnolo.org\/index.php?rest_route=\/wp\/v2\/users\/1"}],"replies":[{"embeddable":true,"href":"https:\/\/www.lagottoromagnolo.org\/index.php?rest_route=%2Fwp%2Fv2%2Fcomments&post=2"}],"version-history":[{"count":219,"href":"https:\/\/www.lagottoromagnolo.org\/index.php?rest_route=\/wp\/v2\/pages\/2\/revisions"}],"predecessor-version":[{"id":21753,"href":"https:\/\/www.lagottoromagnolo.org\/index.php?rest_route=\/wp\/v2\/pages\/2\/revisions\/21753"}],"wp:attachment":[{"href":"https:\/\/www.lagottoromagnolo.org\/index.php?rest_route=%2Fwp%2Fv2%2Fmedia&parent=2"}],"curies":[{"name":"wp","href":"https:\/\/api.w.org\/{rel}","templated":true}]}}