{"id":3890,"date":"2016-06-19T19:48:48","date_gmt":"2016-06-19T17:48:48","guid":{"rendered":"http:\/\/www.lagottoromagnolo.org\/?page_id=3890"},"modified":"2025-01-28T07:55:17","modified_gmt":"2025-01-28T06:55:17","slug":"colore-sable","status":"publish","type":"page","link":"https:\/\/www.lagottoromagnolo.org\/?page_id=3890","title":{"rendered":"Colori con foto"},"content":{"rendered":"<p><a href=\"http:\/\/www.lagottoromagnolo.org\/?page_id=7687\" rel=\"noopener noreferrer\">&gt; Indietro<\/a><\/p>\n<ul>\n<li style=\"text-align: center;\">&#8211; di Laura Tanos &#8211;<\/li>\n<\/ul>\n<hr>\n<p>Una cucciolata dove \u00e8 presente il colore roano-arancio (centro), in comparazione con il colore dei fratelli: un arancio unicolore (destra) ed un bianco-arancio (sinistra)<\/p>\nngg_shortcode_0_placeholder\n<hr>\n<p>Cane bianco-marrone con tantissime punteggiature, in pelo lungo sembra quasi roano, probabilmente il genotipo \u00e8 &#8220;Rt\/Rt&#8221;<\/p>\nngg_shortcode_1_placeholder\n<hr>\n<p>Cane roano marrone con punteggiature, probabilmente il genotipo \u00e8 &#8220;R\/Rt&#8221;<\/p>\nngg_shortcode_2_placeholder\n<hr>\n<p>Cane roano-focato, il genotipo \u00e8 &#8220;R\/- k\/k At\/-&#8221;&nbsp;<\/p>\nngg_shortcode_3_placeholder\n<hr>\n<p>Due maschi dello stesso padre, un mese differenza di et\u00e0, entrambi hanno 4 anni compiuti nelle foto, uno \u00e8 diventato bianco-marrone chiaro, l&#8217;altro \u00e8 rimasto bianco-marrone scuro, probabilmente presente l&#8217;allele &#8220;g&#8221; (non causa ingrigimento)<\/p>\nngg_shortcode_4_placeholder\n<hr>\n<p>Alcuni esempi di cani Sable, di genotipo &#8220;k\/k Ay\/-&#8221;<\/p>\nngg_shortcode_5_placeholder\n<hr>\n<p>&nbsp;<\/p>\nngg_shortcode_6_placeholder\n<hr>\n<p>&nbsp;<\/p>\nngg_shortcode_7_placeholder\n<hr>\n<p>&nbsp;<\/p>\nngg_shortcode_8_placeholder\n<hr>\n<p>&nbsp;<\/p>\nngg_shortcode_9_placeholder\n<hr>\n<p>&nbsp;<\/p>\nngg_shortcode_10_placeholder\n<hr>\n<p>&nbsp;<\/p>\nngg_shortcode_11_placeholder\n<hr>\n<p>&nbsp;<\/p>\nngg_shortcode_12_placeholder\n<hr>\n<p>&nbsp;<\/p>\nngg_shortcode_13_placeholder\n<hr>\n<p>&nbsp;<\/p>\nngg_shortcode_14_placeholder\n<hr>\n<p>&nbsp;<\/p>\nngg_shortcode_15_placeholder\n<hr>\n<p>&nbsp;<\/p>\nngg_shortcode_16_placeholder\n<hr>\nngg_shortcode_17_placeholder\n<hr>\nngg_shortcode_18_placeholder\n","protected":false},"excerpt":{"rendered":"<p>&gt; Indietro &#8211; di Laura Tanos &#8211; Una cucciolata dove \u00e8 presente il colore roano-arancio (centro), in comparazione con il colore dei fratelli: un arancio unicolore (destra) ed un bianco-arancio (sinistra) Cane bianco-marrone con tantissime punteggiature, in pelo lungo sembra <span class=\"excerpt-dots\">&hellip;<\/span> <a class=\"more-link\" href=\"https:\/\/www.lagottoromagnolo.org\/?page_id=3890\"><span class=\"more-msg\">Continua a leggere &rarr;<\/span><\/a><\/p>\n","protected":false},"author":2,"featured_media":0,"parent":7687,"menu_order":0,"comment_status":"closed","ping_status":"closed","template":"","meta":{"ngg_post_thumbnail":0,"footnotes":""},"class_list":["post-3890","page","type-page","status-publish","hentry"],"_links":{"self":[{"href":"https:\/\/www.lagottoromagnolo.org\/index.php?rest_route=\/wp\/v2\/pages\/3890","targetHints":{"allow":["GET"]}}],"collection":[{"href":"https:\/\/www.lagottoromagnolo.org\/index.php?rest_route=\/wp\/v2\/pages"}],"about":[{"href":"https:\/\/www.lagottoromagnolo.org\/index.php?rest_route=\/wp\/v2\/types\/page"}],"author":[{"embeddable":true,"href":"https:\/\/www.lagottoromagnolo.org\/index.php?rest_route=\/wp\/v2\/users\/2"}],"replies":[{"embeddable":true,"href":"https:\/\/www.lagottoromagnolo.org\/index.php?rest_route=%2Fwp%2Fv2%2Fcomments&post=3890"}],"version-history":[{"count":51,"href":"https:\/\/www.lagottoromagnolo.org\/index.php?rest_route=\/wp\/v2\/pages\/3890\/revisions"}],"predecessor-version":[{"id":20172,"href":"https:\/\/www.lagottoromagnolo.org\/index.php?rest_route=\/wp\/v2\/pages\/3890\/revisions\/20172"}],"up":[{"embeddable":true,"href":"https:\/\/www.lagottoromagnolo.org\/index.php?rest_route=\/wp\/v2\/pages\/7687"}],"wp:attachment":[{"href":"https:\/\/www.lagottoromagnolo.org\/index.php?rest_route=%2Fwp%2Fv2%2Fmedia&parent=3890"}],"curies":[{"name":"wp","href":"https:\/\/api.w.org\/{rel}","templated":true}]}}