{"id":88,"date":"2016-02-29T22:30:01","date_gmt":"2016-02-29T21:30:01","guid":{"rendered":"http:\/\/www.lagottoromagnolo.org\/?page_id=88"},"modified":"2020-06-08T17:58:06","modified_gmt":"2020-06-08T15:58:06","slug":"regolamento-del-campionato-sociale-del-c-i-l","status":"publish","type":"page","link":"https:\/\/www.lagottoromagnolo.org\/?page_id=88","title":{"rendered":"Regolamento del Campionato Sociale del C.I.L."},"content":{"rendered":"<h3 style=\"text-align: center;\">Regolamento Campionato Sociale di Bellezza CIL<\/h3>\n<p><strong>Condizioni generali<\/strong>:<br \/>\n&#8211; Il Campionato si disputa in 4 Raduni C.I.L, scelti dal consiglio C.I.L. all&#8217;inizio di ogni anno<br \/>\n&#8211; Possono essere sommati i punti ottenuti al massimo in 3 tra questi 4 Raduni C.I.L.<br \/>\n&#8211; Concorrono i cani presenti nelle classi campioni, libera, intermedia e lavoro<br \/>\n&#8211; Obbligatorio il risultato per la displasia dell&#8217;anca A, B o C<br \/>\n&#8211; Possono partecipare i cani di propriet\u00e0 di soci del C.I.L.<br \/>\n&#8211; I punteggi vengono calcolati dopo ogni raduno e pubblicati sul sito del C.I.L.<br \/>\n&#8211; In caso di parit\u00e0 di punti vince il cane che ha ottenuto i punti in meno gare. Se anche cos\u00ec sono pari, allora vince il cane pi\u00f9 giovane.<\/p>\n<p><strong>Punti per la qualifica<\/strong>:<br \/>\n&#8211; ECC &#8211; 6 punti (da MB in gi\u00f9 non si danno punti)<\/p>\n<p><strong>Punti per la classifica<\/strong> (ma solo se ha preso eccellente):<br \/>\n&#8211; 1\u00b0 classificato &#8211; 4 punti<br \/>\n&#8211; 2\u00b0 classificato &#8211; 3 punti<br \/>\n&#8211; 3\u00b0 classificato &#8211; 2 punti<br \/>\n&#8211; 4\u00b0 classificato &#8211; 1 punto<\/p>\n<p><strong>Punti per i titoli e per il bilanciamento<\/strong>:<br \/>\n&#8211; Per i titoli Miglior Maschio e Miglio Femmina si danno dei punti aggiuntivi considerando il numero totale di cani superati per ottenere il titolo in quel raduno. Verr\u00e0 calcolato il numero totale di cani presentati nelle classi Campioni + Libera + Intermedia + Lavoro considerando separatamente maschi e femmine<br \/>\n&#8211; Per il BOB si aggiungono 2 punti<\/p>\n<p>Si considerano i cani PRESENTATI (non solo iscritti ma effetivamente presentati nel ring)<\/p>\n<p><span style=\"text-decoration: underline;\">Calcolo dei punti<\/span>:<br \/>\n&#8211; tra 1-5 cani: non si danno punti in pi\u00f9<br \/>\n&#8211; tra 6-10 cani &#8211; 1 punto in pi\u00f9<br \/>\n&#8211; tra 11-15 cani &#8211; 2 punti<br \/>\n&#8211; tra 16-20 cani &#8211; 3 punti<br \/>\n&#8211; tra 21-25 cani &#8211; 4 punti<br \/>\n&#8211; tra 26-30 cani &#8211; 5 punti<br \/>\n&#8211; a seguire sar\u00e0 aggiunto 1 punto ogni ulteriori 5 cani<\/p>\n<p>&nbsp;<\/p>\n<p style=\"text-align: right;\">&#8212; <a href=\"http:\/\/www.lagottoromagnolo.org\/wp-content\/uploads\/campionato-bellezza-approvato.pdf\" target=\"_blank\" rel=\"noopener noreferrer\">Approvato<\/a> dal Consiglio Direttivo dell&#8217;ENCI nel 24\/04\/2020 &#8212;<\/p>\n","protected":false},"excerpt":{"rendered":"<p>Regolamento Campionato Sociale di Bellezza CIL Condizioni generali: &#8211; Il Campionato si disputa in 4 Raduni C.I.L, scelti dal consiglio C.I.L. all&#8217;inizio di ogni anno &#8211; Possono essere sommati i punti ottenuti al massimo in 3 tra questi 4 Raduni <span class=\"excerpt-dots\">&hellip;<\/span> <a class=\"more-link\" href=\"https:\/\/www.lagottoromagnolo.org\/?page_id=88\"><span class=\"more-msg\">Continua a leggere &rarr;<\/span><\/a><\/p>\n","protected":false},"author":1,"featured_media":0,"parent":45,"menu_order":0,"comment_status":"closed","ping_status":"closed","template":"","meta":{"ngg_post_thumbnail":0,"footnotes":""},"class_list":["post-88","page","type-page","status-publish","hentry"],"_links":{"self":[{"href":"https:\/\/www.lagottoromagnolo.org\/index.php?rest_route=\/wp\/v2\/pages\/88","targetHints":{"allow":["GET"]}}],"collection":[{"href":"https:\/\/www.lagottoromagnolo.org\/index.php?rest_route=\/wp\/v2\/pages"}],"about":[{"href":"https:\/\/www.lagottoromagnolo.org\/index.php?rest_route=\/wp\/v2\/types\/page"}],"author":[{"embeddable":true,"href":"https:\/\/www.lagottoromagnolo.org\/index.php?rest_route=\/wp\/v2\/users\/1"}],"replies":[{"embeddable":true,"href":"https:\/\/www.lagottoromagnolo.org\/index.php?rest_route=%2Fwp%2Fv2%2Fcomments&post=88"}],"version-history":[{"count":5,"href":"https:\/\/www.lagottoromagnolo.org\/index.php?rest_route=\/wp\/v2\/pages\/88\/revisions"}],"predecessor-version":[{"id":12929,"href":"https:\/\/www.lagottoromagnolo.org\/index.php?rest_route=\/wp\/v2\/pages\/88\/revisions\/12929"}],"up":[{"embeddable":true,"href":"https:\/\/www.lagottoromagnolo.org\/index.php?rest_route=\/wp\/v2\/pages\/45"}],"wp:attachment":[{"href":"https:\/\/www.lagottoromagnolo.org\/index.php?rest_route=%2Fwp%2Fv2%2Fmedia&parent=88"}],"curies":[{"name":"wp","href":"https:\/\/api.w.org\/{rel}","templated":true}]}}