{"id":97,"date":"2016-02-29T22:41:02","date_gmt":"2016-02-29T21:41:02","guid":{"rendered":"http:\/\/www.lagottoromagnolo.org\/?page_id=97"},"modified":"2025-07-11T16:13:53","modified_gmt":"2025-07-11T14:13:53","slug":"regolamenti-dei-campionati-di-lavoro","status":"publish","type":"page","link":"https:\/\/www.lagottoromagnolo.org\/?page_id=97","title":{"rendered":"Regolamenti dei campionati di lavoro"},"content":{"rendered":"<p><a href=\"http:\/\/www.lagottoromagnolo.org\/?page_id=91\">&gt; Indietro<\/a><\/p>\n<p style=\"text-align: left;\"><a id=\"sociale\"><\/a><span style=\"font-size: 6pt;\">.<\/span><\/p>\n<h3 style=\"text-align: center;\">REGOLAMENTO PER IL CAMPIONATO SOCIALE DI LAVORO<\/h3>\n<p>Il presente Regolamento stabilisce le norme che disciplinano il \u201cCampionato Sociale di Lavoro\u201d del Club Italiano Lagotto.<br \/>\nLe modifiche del 10 giugno 2024 sono visibili <strong><a href=\"http:\/\/www.lagottoromagnolo.org\/wp-content\/uploads\/modifica-camp.soc_.lavoro.pdf\" target=\"_blank\" rel=\"noopener\">QUI<\/a><\/strong><\/p>\n<h4 style=\"text-align: center;\">Norme generali<\/h4>\n<p>Saranno considerate valide per tale Campionato le prove di cerca del tartufo di tipo A riconosciute dall\u2019E.N.C.I. <span style=\"color: #ff0000;\"><strong>ed organizzate dal Club Italiano Lagotto.<\/strong><\/span><\/p>\n<p>Il titolo di Campione Sociale di Lavoro verr\u00e0 assegnato nelle categorie LIBERA e GIOVANI (separatamente per maschi e femmine anche nel caso di prove con batterie miste) previste dal Regolamento per le Prove di Cerca del Tartufo E.N.C.I. (Per quanto riguarda Esordienti e Veterani il campionato sociale di lavoro \u00e8 temporaneamente sospeso dal 1\/01\/2016)<\/p>\n<p>Possono partecipare i cani di propriet\u00e0 di soci del C.I.L.<\/p>\n<p>Il titolo di Campione Sociale di Lavoro verr\u00e0 rilasciato dalla Commissione Lavoro del C.I.L. alla quale il proprietario dovr\u00e0 richiedere l\u2019omologazione, presentando la copia dei titoli ottenuti e l\u2019esito della radiografia ufficiale per il controllo della displasia dell\u2019anca.<\/p>\n<h4 style=\"text-align: center;\">Categoria LIBERA (oltre 15 mesi)<\/h4>\n<p>Il campionato si disputa in ogni anno solare in base ai risultati conseguiti nelle prove E.N.C.I. di tipo A <span style=\"color: #ff0000;\"><strong>organizzate dal Club Italiano Lagotto <\/strong><\/span>in classe libera.<\/p>\n<p>Ogni soggetto potr\u00e0 conteggiare i punteggi ottenuti in 5 prove a scelta, su almeno 2 diversi tipi di tartufo, tra quelle disputate dal 1 gennaio al 31 dicembre di ogni anno. I punteggi utilizzati dovranno essere assegnati da almeno 4 giudici diversi.<\/p>\n<p>In base ai risultati conseguiti vengono assegnati i seguenti punteggi<\/p>\n<p>ECC 1\u00b0 CAC 16 punti<\/p>\n<p>ECC 2\u00b0 ris. CAC 14 punti<\/p>\n<p>ECC 1\u00b0 12 punti<\/p>\n<p>ECC 2\u00b0 10 punti<\/p>\n<p>ECC 3\u00b0 8 punti<\/p>\n<p>ECC oltre il 3\u00b0 6 punti<\/p>\n<p>E\u2019<strong> richiesta<\/strong> la radiografia ufficiale per il controllo della <strong>displasia dell\u2019anca con grado A, B o C<\/strong>.<\/p>\n<p style=\"text-align: center;\"><strong><span style=\"font-size: 16pt;\"><a href=\"http:\/\/www.lagottoromagnolo.org\/wp-content\/uploads\/modulo-camp.soc_.lav_.pdf\" target=\"_blank\" rel=\"noopener\">&gt;&gt;&gt; MODULO da compilare &lt;&lt;&lt;<\/a><\/span><\/strong><br \/>\n<span style=\"color: #0000ff;\">scannerizzare e mandare una copia al club in email, lagotto@lagottoromagnolo.org<\/span><\/p>\n<h4 style=\"text-align: center;\">Categoria GIOVANI (da 9 a 30 mesi)<\/h4>\n<p>Il campionato si disputa in ogni anno solare in base ai risultati conseguiti nelle prove E.N.C.I. di tipo A <span style=\"color: #ff0000;\"><strong>organizzate dal Club Italiano Lagotto <\/strong><\/span>in classe giovani.<\/p>\n<p>il titolo di Campione Sociale di Lavoro Giovani sar\u00e0 assegnato ai soggetti che avranno conseguito: TRE ECCELLENTE PRIMO (conseguiti su almeno due tipi diversi di tartufo ) + DUE ECCELLENTE (di cui uno conseguito su un terzo tipo di tartufo).<\/p>\n<p>I tre ECCELLENTE PRIMO dovranno essere ottenuti da tre Giudici diversi e dei due Eccellente solo uno potr\u00e0 essere assegnato da un Giudice che abbia gi\u00e0 in precedenza concesso un titolo utile al raggiungimento del campionato.<\/p>\n<p>E\u2019 <strong>richiesta<\/strong> la radiografia ufficiale per il controllo della <strong>displasia dell\u2019anca con grado A, B o C<\/strong>.<\/p>\n<p style=\"text-align: center;\"><strong><span style=\"font-size: 16pt;\"><a href=\"http:\/\/www.lagottoromagnolo.org\/wp-content\/uploads\/modulo-camp.soc_.lav_.pdf\" target=\"_blank\" rel=\"noopener\">&gt;&gt;&gt; MODULO da compilare &lt;&lt;&lt;<\/a><\/span><\/strong><br \/>\n<span style=\"color: #0000ff;\">scannerizzare e mandare una copia al club in email, lagotto@lagottoromagnolo.org<\/span><\/p>\n<p style=\"text-align: right;\">\u2014&nbsp;<a href=\"https:\/\/www.lagottoromagnolo.org\/wp-content\/uploads\/APPROVAZIONE-CAMPIONATO-SOCIALE-LAVORO.pdf\" target=\"_blank\" rel=\"noopener\">Approvato<\/a> dal Consiglio Direttivo dell\u2019ENCI nel 16\/02\/2020\u2013<\/p>\n<hr>\n<p style=\"text-align: left;\"><a id=\"regionale\"><\/a><span style=\"font-size: 6pt;\">.<\/span><\/p>\n<h3 style=\"text-align: center;\">REGOLAMENTO DEI CAMPIONATI REGIONALI DI LAVORO<\/h3>\n<p style=\"text-align: center;\"><span style=\"font-size: 16pt;\"><strong>Campionato Regionale Nord<br \/>\nCampionato Regionale Centro<br \/>\nCampionato Regionale Sud<\/strong><\/span><\/p>\n<p>I campionati Regionali di Lavoro C.I.L. si disputano dal 1 gennaio al 31 dicembre di ogni anno per le categorie <strong>LIBERA e GIOVANI<\/strong> (<strong>separatamente per maschi e femmine<\/strong> anche nel caso di prove con batterie miste), considerando i risultati conseguiti nelle prove E.N.C.I. di tipo A <span style=\"color: #ff0000;\"><strong>organizzate dal Club Italiano Lagotto<\/strong><\/span>. L&#8217;attribuzione delle singole prove al relativo campionato regionale sar\u00e0 indicata sui programmi.<\/p>\n<p>La classifica verr\u00e0 stilata in base ai seguenti punteggi:<\/p>\n<p>ECC 1\u00b0 CAC 16 punti<\/p>\n<p>ECC 2\u00b0 ris.CAC 14 punti<\/p>\n<p>ECC 1\u00b0 12 punti<\/p>\n<p>ECC 2\u00b0 10 punti<\/p>\n<p>ECC 3\u00b0 8 punti<\/p>\n<p>ECC oltre il 3\u00b0 6 punti<\/p>\n<p>Ai soggetti che hanno fatto l\u2019esame per il controllo ufficiale della displasia dell\u2019anca verranno attribuiti 5 punti aggiuntivi.<\/p>\n<p>Ogni cane nello stesso anno potr\u00e0 ottenere un solo titolo di campione regionale, in caso di vittoria in pi\u00f9 aree si considerer\u00e0 quella con il punteggio migliore. I cani che nello stesso anno ottengono il titolo di campione sociale di lavoro (in qualsiasi classe) non parteciperanno ai campionati regionali nella classe in cui sono campioni sociali.<\/p>\n<p>Possono partecipare al Campionato Regionale anche lagotti di propriet\u00e0 di persone non associale al C.I.L..<\/p>\n<hr>\n<p style=\"text-align: left;\"><a id=\"babini\"><\/a><span style=\"font-size: 6pt;\">.<\/span><\/p>\n<h3 style=\"text-align: center;\">TROFEO \u201cLODOVICO BABINI\u201d<\/h3>\n<p>Questo trofeo viene assegnato ogni anno al 1\u00b0 classificato in una specifica prova con modalit\u00e0 definite dalla Commissione Lavoro del C.I.L..<\/p>\n<p>Possono partecipare i soggetti che hanno ottenuto il titolo di Campione Italiano di Lavoro E.N.C.I.&nbsp;o di campione sociale di lavoro C.I.L. in categoria Libera nel corso dell&#8217;anno precedente.<\/p>\n<p>Il programma della manifestazione sar\u00e0 inserito sul sito<\/p>\n<p>&nbsp;<\/p>\n<h3 style=\"text-align: center;\">TROFEO \u201cOLIVIERO ZINI&#8221;<\/h3>\n<p>Questo trofeo viene assegnato ogni anno al 1\u00b0 classificato in una specifica prova con modalit\u00e0 definite dalla Commissione Lavoro del C.I.L..<\/p>\n<p>Possono partecipare i soggetti che hanno ottenuto il titolo di campione sociale di lavoro C.I.L. in categoria Giovani&nbsp;nel corso dell&#8217;anno precedente.<\/p>\n<p>Il programma della manifestazione sar\u00e0 inserito sul sito.<\/p>\n<p style=\"text-align: right;\">\u2014 <a href=\"http:\/\/www.lagottoromagnolo.org\/wp-content\/uploads\/Trofei-approvazione.pdf\">Approvato<\/a> dal Consiglio Direttivo dell\u2019ENCI nel 20\/02\/2020\u2013<\/p>\n<p><a href=\"http:\/\/www.lagottoromagnolo.org\/?page_id=91\">&gt; Indietro<\/a><\/p>\n","protected":false},"excerpt":{"rendered":"<p>&gt; Indietro . REGOLAMENTO PER IL CAMPIONATO SOCIALE DI LAVORO Il presente Regolamento stabilisce le norme che disciplinano il \u201cCampionato Sociale di Lavoro\u201d del Club Italiano Lagotto. Le modifiche del 10 giugno 2024 sono visibili QUI Norme generali Saranno considerate <span class=\"excerpt-dots\">&hellip;<\/span> <a class=\"more-link\" href=\"https:\/\/www.lagottoromagnolo.org\/?page_id=97\"><span class=\"more-msg\">Continua a leggere &rarr;<\/span><\/a><\/p>\n","protected":false},"author":1,"featured_media":0,"parent":91,"menu_order":0,"comment_status":"closed","ping_status":"closed","template":"","meta":{"ngg_post_thumbnail":0,"footnotes":""},"class_list":["post-97","page","type-page","status-publish","hentry"],"_links":{"self":[{"href":"https:\/\/www.lagottoromagnolo.org\/index.php?rest_route=\/wp\/v2\/pages\/97","targetHints":{"allow":["GET"]}}],"collection":[{"href":"https:\/\/www.lagottoromagnolo.org\/index.php?rest_route=\/wp\/v2\/pages"}],"about":[{"href":"https:\/\/www.lagottoromagnolo.org\/index.php?rest_route=\/wp\/v2\/types\/page"}],"author":[{"embeddable":true,"href":"https:\/\/www.lagottoromagnolo.org\/index.php?rest_route=\/wp\/v2\/users\/1"}],"replies":[{"embeddable":true,"href":"https:\/\/www.lagottoromagnolo.org\/index.php?rest_route=%2Fwp%2Fv2%2Fcomments&post=97"}],"version-history":[{"count":24,"href":"https:\/\/www.lagottoromagnolo.org\/index.php?rest_route=\/wp\/v2\/pages\/97\/revisions"}],"predecessor-version":[{"id":20693,"href":"https:\/\/www.lagottoromagnolo.org\/index.php?rest_route=\/wp\/v2\/pages\/97\/revisions\/20693"}],"up":[{"embeddable":true,"href":"https:\/\/www.lagottoromagnolo.org\/index.php?rest_route=\/wp\/v2\/pages\/91"}],"wp:attachment":[{"href":"https:\/\/www.lagottoromagnolo.org\/index.php?rest_route=%2Fwp%2Fv2%2Fmedia&parent=97"}],"curies":[{"name":"wp","href":"https:\/\/api.w.org\/{rel}","templated":true}]}}